{"id":8426,"date":"2023-12-12T09:16:28","date_gmt":"2023-12-12T09:16:28","guid":{"rendered":"https:\/\/ines.es\/legal-conditions\/"},"modified":"2024-04-26T11:13:53","modified_gmt":"2024-04-26T11:13:53","slug":"legal-conditions","status":"publish","type":"page","link":"https:\/\/ines.es\/es\/legal-conditions\/","title":{"rendered":"CONDICIONES LEGALES"},"content":{"rendered":"\t\t<div data-elementor-type=\"wp-page\" data-elementor-id=\"8426\" class=\"elementor elementor-8426 elementor-7403\" data-elementor-post-type=\"page\">\n\t\t\t\t\t\t<section class=\"elementor-section elementor-top-section elementor-element elementor-element-203d9039 elementor-section-boxed elementor-section-height-default elementor-section-height-default\" data-id=\"203d9039\" data-element_type=\"section\" data-e-type=\"section\">\n\t\t\t\t\t\t<div class=\"elementor-container elementor-column-gap-default\">\n\t\t\t\t\t<div class=\"elementor-column elementor-col-100 elementor-top-column elementor-element elementor-element-5fb73078\" data-id=\"5fb73078\" data-element_type=\"column\" data-e-type=\"column\">\n\t\t\t<div class=\"elementor-widget-wrap elementor-element-populated\">\n\t\t\t\t\t\t<div class=\"elementor-element elementor-element-6d7b073c de_scroll_animation_no elementor-widget elementor-widget-text-editor\" data-id=\"6d7b073c\" data-element_type=\"widget\" data-e-type=\"widget\" data-widget_type=\"text-editor.default\">\n\t\t\t\t<div class=\"elementor-widget-container\">\n\t\t\t\t\t\t\t\t\t<p><\/p>\n<h1 class=\"wp-block-heading\">PROTECCI\u00d3N DE DATOS PERSONALES<\/h1>\n<p><\/p>\n<h3 class=\"wp-block-heading\">1.\u00bfQUI\u00c9N ES EL RESPONSABLE DEL TRATAMIENTO DE SUS DATOS?<\/h3>\n<p><\/p>\n<p>INES INGENIEROS CONSULTORES, S.L (en adelante &#8220;Ines&#8221;).<\/p>\n<p><\/p>\n<p>Direcci\u00f3n:<br>Calle N\u00fa\u00f1ez de Balboa 120- 3\u00ba DCHA., 28006 &#8211; Madrid, Espa\u00f1a<br>CIF B- 83911503<br>E-mail:<br>ines@inesingenieros.com<br>Tel\u00e9fono:<br>+34 91 523 76 33<\/p>\n<p><\/p>\n<h3 class=\"wp-block-heading\">2.\u00bfCON QU\u00c9 FINALIDAD Y LEGITIMIDAD UTILIZAMOS SUS DATOS?<\/h3>\n<p><\/p>\n<p>INES informa al Cliente, o al representante legal del mismo que pudiera facilitarse durante la relaci\u00f3n contractual, que sus datos ser\u00e1n tratados por Ines, con las siguientes finalidades:<\/p>\n<p><\/p>\n<p>a) Adecuada atenci\u00f3n y gesti\u00f3n de las solicitudes realizadas&nbsp;<strong>a trav\u00e9s de los formularios habilitados.<\/strong>&nbsp;Los datos personales recogidos por Ines ser\u00e1n objeto de tratamiento, tanto automatizado como, en su caso, convencional, con la finalidad de poder contactar con el Usuario para la adecuada atenci\u00f3n y gesti\u00f3n de las solicitudes realizadas a trav\u00e9s de los formularios habilitados al efecto. En el momento de proceder a la recogida de los datos se indicar\u00e1 mediante asteriscos el car\u00e1cter voluntario u obligatorio de los datos objeto de recogida. La negativa a proporcionar los datos calificados obligatorios supondr\u00e1 la no prestaci\u00f3n o la imposibilidad de acceder al servicio para los que eran solicitados.<\/p>\n<p><\/p>\n<p>Legitimaci\u00f3n: Este tratamiento s\u00f3lo ser\u00e1 realizado por Ines si cuenta con el consentimiento del Cliente. La cumplimentaci\u00f3n del formulario y la aceptaci\u00f3n de la pol\u00edtica de privacidad implicar\u00e1 su autorizaci\u00f3n expresa.<\/p>\n<p><\/p>\n<p>b)&nbsp;<strong>El env\u00edo, por medios electr\u00f3nicos, de informaci\u00f3n relacionada con las actividades del Ines, as\u00ed como art\u00edculos de inter\u00e9s.<\/strong>&nbsp;Al darse de alta en el bolet\u00edn, se presta el consentimiento para el tratamiento de sus datos con esta finalidad y el env\u00edo de comunicaciones comerciales relacionadas con acciones y\/o servicios ofrecidos por los Responsables.<\/p>\n<p><\/p>\n<p>c)&nbsp;<strong>Gestionar la participaci\u00f3n en los diferentes proyectos\/iniciativas de Ines.<\/strong>&nbsp;Los datos personales recogidos por Ines ser\u00e1n objeto de tratamiento automatizado con la finalidad de atender su solicitud de participaci\u00f3n en los proyectos\/iniciativas de la Organizaci\u00f3n. Ines podr\u00e1 ponerse en contacto con el interesado para informarle del estado del proyecto o iniciativas por las que se ha interesado u otros de tem\u00e1tica similar. La cumplimentaci\u00f3n del formulario y la aceptaci\u00f3n de la pol\u00edtica de privacidad implicar\u00e1 su autorizaci\u00f3n expresa.<\/p>\n<p><\/p>\n<p>d) INES&nbsp;<strong>organiza sorteos y concursos.<\/strong>&nbsp;En estos casos, el Cliente que desee participar se inscribir\u00e1 voluntariamente cumplimentando los formularios que Ines dispone al efecto. Ines tratar\u00e1 dichos datos con la finalidad de gestionar la participaci\u00f3n del Cliente as\u00ed como gestionar o publicar el premio, en su caso.<\/p>\n<p><\/p>\n<p>Legitimaci\u00f3n: Este tratamiento s\u00f3lo se llevar\u00e1 a cabo si In\u00e9s cuenta con el consentimiento del Cliente. La cumplimentaci\u00f3n del formulario y la aceptaci\u00f3n de la pol\u00edtica de privacidad implicar\u00e1 su autorizaci\u00f3n expresa.<\/p>\n<p><\/p>\n<p>e)&nbsp;<strong>Env\u00edo de encuestas de satisfacci\u00f3n.<\/strong>&nbsp;Ines, en base a un inter\u00e9s leg\u00edtimo de la empresa, podr\u00e1 enviarle encuestas de satisfacci\u00f3n, con el fin de conocer la experiencia recibida como Usuario y poder incorporar las correspondientes mejoras en nuestro trabajo en base a su an\u00e1lisis. En todo caso, para no perjudicar sus derechos de protecci\u00f3n de datos, podr\u00e1 oponerse a dicho tratamiento a trav\u00e9s de los canales habilitados al efecto.<\/p>\n<p><\/p>\n<h3 class=\"wp-block-heading\">3.\u00bfCU\u00c1NTO TIEMPO CONSERVAREMOS SUS DATOS?<\/h3>\n<p><\/p>\n<p>INES cumplir\u00e1 con la normativa vigente en cuanto al deber de suprimir los datos personales que hayan dejado de ser necesarios para la finalidad o finalidades para las cuales fueron recogidos, bloque\u00e1ndolos. Con este bloqueo, Ines no tendr\u00e1 acceso a sus datos y \u00fanicamente los tratar\u00e1 para ponerlos a disposici\u00f3n de las Administraciones P\u00fablicas competentes, Jueces y Tribunales o el Ministerio Fiscal, para la atenci\u00f3n de posibles responsabilidades relacionadas con el tratamiento de datos, en particular para el ejercicio y defensa de reclamaciones ante la Agencia Espa\u00f1ola de Protecci\u00f3n de Datos. Mantendremos sus datos bloqueados durante los plazos previstos en las disposiciones aplicables, procediendo a la supresi\u00f3n f\u00edsica de sus datos una vez transcurridos dichos plazos.<\/p>\n<p><\/p>\n<h3 class=\"wp-block-heading\">4. \u00bfQUI\u00c9N RECIBIR\u00c1 SUS DATOS?<\/h3>\n<p><\/p>\n<p>Actualmente, Ines no ceder\u00e1 los datos que nos haya facilitado, salvo que exista una obligaci\u00f3n legal que as\u00ed lo requiera.<\/p>\n<p><\/p>\n<h3 class=\"wp-block-heading\">5.\u00bfC\u00d3MO HEMOS OBTENIDO SUS DATOS?<\/h3>\n<p><\/p>\n<p>Los datos personales que Ines obtiene son los datos personales que los interesados han introducido en los formularios habilitados para las finalidades especificadas en los mismos.<\/p>\n<p><\/p>\n<h3 class=\"wp-block-heading\">6.\u00bfCU\u00c1LES SON SUS DERECHOS CUANDO NOS FACILITA SUS DATOS?<\/h3>\n<p><\/p>\n<p>Podr\u00e1 ejercer sus derechos de acceso, portabilidad, rectificaci\u00f3n, supresi\u00f3n, limitaci\u00f3n, oposici\u00f3n y a no ser objeto de una decisi\u00f3n basada \u00fanicamente en un tratamiento automatizado. Asimismo, podr\u00e1 revocar el consentimiento prestado en cualquier momento. Para ejercitar los citados derechos, deber\u00e1 enviar un correo electr\u00f3nico a info@inesingenieros.com o dirigirse por escrito a Ines Ingenieros Consultores, Calle N\u00fa\u00f1ez de Balboa 120- 3\u00ba DCHA., 28006 &#8211; Madrid, Espa\u00f1a aportando en todo caso copia de su DNI o documento oficial que le identifique.<\/p>\n<p><\/p>\n<h3 class=\"wp-block-heading\">7.\u00bfCON QUI\u00c9N PUEDE EJERCER SUS DERECHOS?<\/h3>\n<p><\/p>\n<p>Tambi\u00e9n puede presentar una reclamaci\u00f3n ante la Agencia Espa\u00f1ola de Protecci\u00f3n de Datos, si no est\u00e1 de acuerdo con la respuesta que ha recibido de Ines. Dispone de la informaci\u00f3n necesaria en su p\u00e1gina web:&nbsp;<a href=\"http:\/\/www.agpd.es\/\">www.agpd.es<\/a><\/p>\n<p><\/p>\n<h3 class=\"wp-block-heading\">8.EJERCICIO DE DERECHOS<\/h3>\n<p><\/p>\n<p>El Usuario podr\u00e1 ejercitar sus derechos de acceso, rectificaci\u00f3n, cancelaci\u00f3n y oposici\u00f3n previstos en la LOPD, mediante comunicaci\u00f3n escrita dirigida a Ines Ingenieros Consulores, Calle N\u00fa\u00f1ez de Balboa 120- 3\u00ba DCHA., 28006 &#8211; Madrid, Espa\u00f1a; o por correo electr\u00f3nico dirigido a ines@inesingenieros.com En ambos casos, el Usuario interesado deber\u00e1 adjuntar copia de su documento nacional de identidad, pasaporte u otro documento v\u00e1lido que lo identifique.<\/p>\n<p><\/p>\n<h3 class=\"wp-block-heading\">9.PROHIBICI\u00d3N PARA MENORES<\/h3>\n<p><\/p>\n<p>Los menores de 14 a\u00f1os no deben facilitar sus datos personales a Ines sin el consentimiento previo de sus padres o tutores. Por favor, si eres menor, pide primero a tus padres o tutores que se pongan en contacto con nosotros<\/p>\n<p><\/p>\n<h3 class=\"wp-block-heading\">10.COMUNICACIONES DE DATOS REALIZADAS POR EL PROPIO USUARIO<\/h3>\n<p><\/p>\n<p>El Usuario conoce y acepta que al utilizar algunos de los servicios ofrecidos por Ines en el Sitio Web, sus datos personales ser\u00e1n expuestos en el Sitio Web y podr\u00e1n ser vistos por otros usuarios del Sitio Web. Por ejemplo, los comentarios realizados en cualquiera de las redes sociales asociadas a Ines y que pudieran ser visualizados a trav\u00e9s de su Sitio Web.<\/p>\n<p><\/p>\n<p>El Usuario no deber\u00e1 facilitar datos de car\u00e1cter personal relativos a terceros a trav\u00e9s del Sitio Web. El Usuario se obliga a mantener indemne a Ines ante cualquier posible reclamaci\u00f3n, multa o sanci\u00f3n que pueda venir obligada a soportar como consecuencia del incumplimiento por parte del Usuario del deber descrito en este p\u00e1rrafo.<\/p>\n<p><\/p>\n<h3 class=\"wp-block-heading\">11.USO DE COOKIES<\/h3>\n<p><\/p>\n<p>Las cookies son un conjunto de datos que un servidor deposita en el navegador del Usuario y que pueden ser solicitados posteriormente para reconocerle a lo largo de una serie de visitas. En otras palabras, se trata de un peque\u00f1o archivo de texto que se almacena en el disco duro del ordenador y que sirve para identificar al Usuario cuando vuelva a conectarse al sitio web. Su finalidad es registrar la visita del Usuario y guardar determinada informaci\u00f3n.<\/p>\n<p><\/p>\n<p>\u00bfQu\u00e9 tipos de Cookies existen?<\/p>\n<p><\/p>\n<p>En funci\u00f3n de su duraci\u00f3n, las cookies pueden clasificarse en &#8220;cookies de sesi\u00f3n&#8221; y &#8220;cookies permanentes&#8221;. Las cookies de sesi\u00f3n desaparecen del ordenador del Usuario cuando \u00e9ste abandona el sitio web visitado o cierra su navegador. Normalmente se almacenan en la memoria cach\u00e9 del ordenador. Por otro lado, las cookies permanentes se almacenan en el disco duro del ordenador del Usuario de forma permanente o durante mucho tiempo, de modo que el sitio web, si se pone en marcha, puede leerlas cada vez que el Usuario lo visita de nuevo. La fecha de caducidad de este tipo de cookies viene determinada por el sitio web que las lanza.<\/p>\n<p><\/p>\n<p>\u00bfEste sitio web utiliza cookies?<\/p>\n<p><\/p>\n<p>INES informa al Usuario de que este Sitio Web utiliza cookies.<\/p>\n<p><\/p>\n<p>\u00bfPuedo configurar la instalaci\u00f3n de cookies en mi navegador?<\/p>\n<p><\/p>\n<p>El Usuario tiene la posibilidad de configurar su navegador para ser avisado de la recepci\u00f3n de cookies y, si lo desea, impedir su instalaci\u00f3n en su equipo. Asimismo, el Usuario puede consultar en su navegador qu\u00e9 cookies tiene instaladas y cu\u00e1l es su plazo de caducidad, pudiendo eliminarlas. Por favor, consulte las instrucciones y manuales de su navegador para ampliar esta informaci\u00f3n.<\/p>\n<p><\/p>\n<p>Si el Usuario no permite el uso de cookies durante la navegaci\u00f3n por este Sitio Web, Ines no garantiza que la informaci\u00f3n que aparece durante la navegaci\u00f3n por el Sitio Web sea exacta, completa, ni siquiera que la navegaci\u00f3n sea t\u00e9cnicamente posible o factible.<\/p>\n<p><\/p>\n<p>Galletas esenciales<\/p>\n<p><\/p>\n<p>Estas cookies son esenciales para proporcionarle los servicios disponibles a trav\u00e9s de nuestro Sitio y permitirle utilizar algunas de sus funciones. Por ejemplo, le permiten iniciar sesi\u00f3n en \u00e1reas seguras de nuestro Sitio y ayudan a que el contenido de las p\u00e1ginas que solicita se cargue r\u00e1pidamente. Sin estas cookies, los Servicios que ha solicitado no pueden prestarse, y s\u00f3lo utilizamos estas cookies para prestarle dichos servicios.<\/p>\n<p><\/p>\n<p>Cookies funcionales<\/p>\n<p><\/p>\n<p>Estas cookies permiten a nuestro sitio recordar las elecciones que usted realiza cuando lo utiliza, como recordar sus datos de acceso y recordar los cambios que realiza en otras partes de nuestro sitio que puede personalizar. La finalidad de estas cookies es ofrecerle una experiencia m\u00e1s personal y evitar que tenga que volver a introducir sus preferencias cada vez que visite nuestro sitio.<\/p>\n<p><\/p>\n<p>Cookies de an\u00e1lisis y rendimiento<\/p>\n<p><\/p>\n<p>Estas cookies se utilizan para recopilar informaci\u00f3n sobre el tr\u00e1fico a nuestro Sitio y c\u00f3mo lo utilizan los usuarios. La informaci\u00f3n recogida a trav\u00e9s de estas cookies no identifica &#8220;directamente&#8221; a ning\u00fan visitante individual. Sin embargo, puede hacer que esos visitantes sean &#8220;identificables indirectamente&#8221;. Esto se debe a que la informaci\u00f3n recopilada est\u00e1 generalmente vinculada a un identificador seud\u00f3nimo asociado al dispositivo que utiliza para acceder a nuestro Sitio. La informaci\u00f3n recogida es agregada y an\u00f3nima. Utilizamos esta informaci\u00f3n para ayudar a operar nuestro Sitio de manera m\u00e1s eficiente, para recopilar informaci\u00f3n demogr\u00e1fica general y para supervisar el nivel de actividad en nuestro Sitio. Para ello utilizamos Google Analytics.<\/p>\t\t\t\t\t\t\t\t<\/div>\n\t\t\t\t<\/div>\n\t\t\t\t\t<\/div>\n\t\t<\/div>\n\t\t\t\t\t<\/div>\n\t\t<\/section>\n\t\t\t\t<\/div>\n\t\t","protected":false},"excerpt":{"rendered":"<p>PROTECCI\u00d3N DE DATOS PERSONALES 1.\u00bfQUI\u00c9N ES EL RESPONSABLE DEL TRATAMIENTO DE SUS DATOS? INES INGENIEROS CONSULTORES, S.L (en adelante &#8220;Ines&#8221;). Direcci\u00f3n:Calle N\u00fa\u00f1ez de Balboa 120- 3\u00ba DCHA., 28006 &#8211; Madrid, Espa\u00f1aCIF B- 83911503E-mail:ines@inesingenieros.comTel\u00e9fono:+34 91 523 76 33 2.\u00bfCON QU\u00c9 FINALIDAD Y LEGITIMIDAD UTILIZAMOS SUS DATOS? INES informa al Cliente, o al representante legal del mismo [&hellip;]<\/p>\n","protected":false},"author":1,"featured_media":0,"parent":0,"menu_order":0,"comment_status":"closed","ping_status":"closed","template":"","meta":{"_acf_changed":false,"inline_featured_image":false,"footnotes":""},"class_list":["post-8426","page","type-page","status-publish","hentry"],"acf":[],"_links":{"self":[{"href":"https:\/\/ines.es\/es\/wp-json\/wp\/v2\/pages\/8426","targetHints":{"allow":["GET"]}}],"collection":[{"href":"https:\/\/ines.es\/es\/wp-json\/wp\/v2\/pages"}],"about":[{"href":"https:\/\/ines.es\/es\/wp-json\/wp\/v2\/types\/page"}],"author":[{"embeddable":true,"href":"https:\/\/ines.es\/es\/wp-json\/wp\/v2\/users\/1"}],"replies":[{"embeddable":true,"href":"https:\/\/ines.es\/es\/wp-json\/wp\/v2\/comments?post=8426"}],"version-history":[{"count":4,"href":"https:\/\/ines.es\/es\/wp-json\/wp\/v2\/pages\/8426\/revisions"}],"predecessor-version":[{"id":10429,"href":"https:\/\/ines.es\/es\/wp-json\/wp\/v2\/pages\/8426\/revisions\/10429"}],"wp:attachment":[{"href":"https:\/\/ines.es\/es\/wp-json\/wp\/v2\/media?parent=8426"}],"curies":[{"name":"wp","href":"https:\/\/api.w.org\/{rel}","templated":true}]}}