{"id":11066,"date":"2024-05-16T09:44:29","date_gmt":"2024-05-16T09:44:29","guid":{"rendered":"https:\/\/ines.es\/quality-rdi-environment-and-occupational-health-and-safety-policy\/"},"modified":"2026-01-26T08:40:39","modified_gmt":"2026-01-26T08:40:39","slug":"politica-calidad-idi-medioambiente-y-seguridad-salud","status":"publish","type":"page","link":"https:\/\/ines.es\/es\/politica-calidad-idi-medioambiente-y-seguridad-salud\/","title":{"rendered":"POL\u00cdTICA DE CALIDAD, MEDIOAMBIENTE, RDI Y SEGURIDAD Y SALUD EN EL TRABAJO DE INES"},"content":{"rendered":"<h3 style=\"font-family: Jost, sans-serif; font-weight: var( --e-global-typography-d4f69a8-font-weight ); line-height: var( --e-global-typography-d4f69a8-line-height ); color: #1b1b1b; font-size: var( --e-global-typography-d4f69a8-font-size ); text-transform: var( --e-global-typography-d4f69a8-text-transform ); letter-spacing: var( --e-global-typography-d4f69a8-letter-spacing ); word-spacing: 0px;\">POL\u00cdTICA DE CALIDAD, MEDIOAMBIENTE, I+D+i Y SEGURIDAD Y SALUD DE INES<\/h3>\n<p>La Pol\u00edtica de Calidad, I+D+i, Medioambiente y Seguridad y Salud en el Trabajo de INES consiste en proporcionar proyectos que satisfagan las expectativas del cliente cumpliendo los t\u00e9rminos de su contrato o pedido, la legislaci\u00f3n, normas y reglamentos que les puedan ser aplicables, as\u00ed como cumpliendo escrupulosamente la legislaci\u00f3n ambiental y de SST vigente y los requisitos ambientales que voluntariamente suscriba la Direcci\u00f3n, todo ello dentro de un riguroso\u00a0 compromiso con\u00a0 la protecci\u00f3n y conservaci\u00f3n del medioambiente.<\/p>\n<p>INES en su actividad de <strong><em>Dise\u00f1o de estructuras de edificaci\u00f3n y obra civil, Ingenier\u00eda de Explotaci\u00f3n (Inspecci\u00f3n, auscultaci\u00f3n, evaluaci\u00f3n de estructuras en uso, proyectos de reparaci\u00f3n y ampliaci\u00f3n de estructuras existentes), y <\/em><\/strong><strong><em>proyectos de innovaci\u00f3n de ingenier\u00eda de estructuras<\/em><\/strong>, mantiene un contacto directo y habitual con la naturaleza, lo que nos hace especialmente sensibles a su protecci\u00f3n, y los recursos naturales, lo que nos evidencia la necesidad de preservarlos para alcanzar un desarrollo sostenible.<\/p>\n<p>Entendemos que los impactos ambientales que ocasionamos son leves, pero nos parece necesario comprometernos en la mejora ambiental de nuestras actividades, y por ello la empresa incluye entre sus valores la realizaci\u00f3n de sus actividades con el mayor respeto por el Medioambiente y establece que el desarrollo de las mismas se efect\u00fae en el marco de un Sistema de Gesti\u00f3n que minimice su impacto ambiental.<\/p>\n<p>Para llevar a cabo lo expuesto la Direcci\u00f3n de INES Ingenieros Consultores cuenta con un Sistema de Gesti\u00f3n Integrado seg\u00fan las normas <strong>UNE-EN ISO 9001:2015, UNE-EN ISO 14001:2015, ISO 45001:2018 y UNE-EN ISO 56001:2024<\/strong>, y se hace hincapi\u00e9 en los siguientes puntos:<\/p>\n<ul>\n<li>Considerar el cumplimiento de los compromisos adquiridos con el cliente como un objetivo prioritario, adapt\u00e1ndonos a sus necesidades espec\u00edficas.<\/li>\n<li>Realizar las acciones encaminadas a proporcionar los productos requeridos por el cliente con un criterio de rentabilidad para la empresa.<\/li>\n<li>Establecer unos procesos capaces de garantizar lo indicado en el punto anterior, y que consideren que el comportamiento respetuoso con el medio ambiente es parte integrante de la tarea de cada empleado, en un entorno de mejora continua de los mismos.<\/li>\n<li>Compromiso permanente del cumplimiento de la legislaci\u00f3n y normativa ambiental y de seguridad y salud a todos los niveles, as\u00ed como cumplimiento de los requisitos que INES Ingenieros suscriba con las partes interesadas.<\/li>\n<li>Cumplir con los requisitos de la norma UNE-EN ISO 56001:2024 e impulsar la innovaci\u00f3n estrat\u00e9gica, cultural, organizativa y operativa as\u00ed como los proyectos I+D+i en materias relacionadas con la actividad de estructuras y conservaci\u00f3n del patrimonio hist\u00f3rico-industrial de Espa\u00f1a.<\/li>\n<li>Impulsar la cooperaci\u00f3n con entidades externas para lograr un alto nivel de conocimiento, actuaci\u00f3n tecnol\u00f3gica e implicaci\u00f3n de nuevas tecnolog\u00edas en nuestros trabajos.<\/li>\n<li>Establecer una metodolog\u00eda de protecci\u00f3n y explotaci\u00f3n de los resultados obtenidos de las actividades de I+D+i dirigida inequ\u00edvocamente a mejorar la competitividad y situaci\u00f3n en el mercado de la Empresa.<\/li>\n<li>Mantenimiento de la comunicaci\u00f3n, tanto a nivel interno, como con clientes, Administraci\u00f3n y dem\u00e1s partes interesadas, en todos aquellos elementos del Sistema de Gesti\u00f3n.<\/li>\n<li>Desarrollar una pol\u00edtica de mejora continua del sistema de gesti\u00f3n para toda la organizaci\u00f3n, estableciendo anualmente objetivos tendentes a mejorar la calidad de nuestros productos, y el desempe\u00f1o en materia de I+D+i, medio ambiente y seguridad y salud en el trabajo.<\/li>\n<li>Motivar el desarrollo de los empleados, facilitando el acceso a planes de formaci\u00f3n tanto en el \u00e1mbito t\u00e9cnico profesional, como en el ambiental y de seguridad y salud en el trabajo, de acuerdo con su actividad respectiva, facilitando los conocimientos necesarios para que puedan desarrollar su actividad con el m\u00e1ximo respeto por el entorno y en condiciones de seguridad y salud, y enfocada a satisfacer las necesidades de los clientes y del conjunto de las \u00e1reas de nuestra organizaci\u00f3n.<\/li>\n<\/ul>\n<ul>\n<li>Promover la conservaci\u00f3n de recursos mediante el reciclado y reutilizaci\u00f3n, y procurando que los procesos empleados contemplen la reducci\u00f3n de materias primas, energ\u00eda y agua.<\/li>\n<li>Realizar el trabajo bien a la primera, como actitud permanente de todos en cada momento. Orientar los esfuerzos a la prevenci\u00f3n de los errores. Prevenir mejor que curar.<\/li>\n<li>Prevenir y rebajar, en la medida de lo posible, la contaminaci\u00f3n generada en la realizaci\u00f3n de nuestras actividades tomando todas las medidas a nuestro alcance, para impedir accidentes con da\u00f1os ambientales, o para minimizar sus efectos.<\/li>\n<li>Garantizar el correcto estado de las instalaciones y el equipamiento adecuado de forma tal que est\u00e9n en correspondencia con la actividad y objetivos de la organizaci\u00f3n. Garantizando la eliminaci\u00f3n de los peligros y la reducci\u00f3n de los riesgos para la SST.<\/li>\n<li>Ofrecer la vigilancia peri\u00f3dica del estado de salud a todos sus empleados, en funci\u00f3n de los riesgos inherentes a su puesto de trabajo. As\u00ed como, proporcionar condiciones de trabajo seguras y saludables para la prevenci\u00f3n de lesiones y deterioro de la salud relacionados con el trabajo.<\/li>\n<li>Poner a disposici\u00f3n de todos los trabajadores el plan de prevenci\u00f3n, evaluaci\u00f3n de riesgos y la planificaci\u00f3n de la actividad preventiva acorde al art\u00edculo 16.1 de la Ley 31\/1995 e Informar a todos los trabajadores de los riesgos gen\u00e9ricos, as\u00ed como de sus riesgos espec\u00edficos.<\/li>\n<li>Facilitar la Consulta y la Participaci\u00f3n de los trabajadores en la empresa en materia de Seguridad y Salud en el Trabajo, as\u00ed como a elegir los \u00f3rganos de participaci\u00f3n y representaci\u00f3n previstos en la Ley.<\/li>\n<li>Poner a disposici\u00f3n p\u00fablica esta pol\u00edtica.<\/li>\n<\/ul>\n<p><strong>\u00a0<\/strong><\/p>\n<p><em>Director General<\/em><em>\u00a0de INES Ingenieros Consultores<\/em><em>.<\/em><\/p>\n","protected":false},"excerpt":{"rendered":"<p>POL\u00cdTICA DE CALIDAD, MEDIOAMBIENTE, I+D+i Y SEGURIDAD Y SALUD DE INES La Pol\u00edtica de Calidad, I+D+i, Medioambiente y Seguridad y Salud en el Trabajo de INES consiste en proporcionar proyectos que satisfagan las expectativas del cliente cumpliendo los t\u00e9rminos de su contrato o pedido, la legislaci\u00f3n, normas y reglamentos que les puedan ser aplicables, as\u00ed [&hellip;]<\/p>\n","protected":false},"author":1,"featured_media":0,"parent":0,"menu_order":0,"comment_status":"closed","ping_status":"closed","template":"elementor_header_footer","meta":{"_acf_changed":false,"inline_featured_image":false,"footnotes":""},"class_list":["post-11066","page","type-page","status-publish","hentry"],"acf":[],"_links":{"self":[{"href":"https:\/\/ines.es\/es\/wp-json\/wp\/v2\/pages\/11066","targetHints":{"allow":["GET"]}}],"collection":[{"href":"https:\/\/ines.es\/es\/wp-json\/wp\/v2\/pages"}],"about":[{"href":"https:\/\/ines.es\/es\/wp-json\/wp\/v2\/types\/page"}],"author":[{"embeddable":true,"href":"https:\/\/ines.es\/es\/wp-json\/wp\/v2\/users\/1"}],"replies":[{"embeddable":true,"href":"https:\/\/ines.es\/es\/wp-json\/wp\/v2\/comments?post=11066"}],"version-history":[{"count":18,"href":"https:\/\/ines.es\/es\/wp-json\/wp\/v2\/pages\/11066\/revisions"}],"predecessor-version":[{"id":13135,"href":"https:\/\/ines.es\/es\/wp-json\/wp\/v2\/pages\/11066\/revisions\/13135"}],"wp:attachment":[{"href":"https:\/\/ines.es\/es\/wp-json\/wp\/v2\/media?parent=11066"}],"curies":[{"name":"wp","href":"https:\/\/api.w.org\/{rel}","templated":true}]}}