{"id":10437,"date":"2023-11-21T15:03:58","date_gmt":"2023-11-21T15:03:58","guid":{"rendered":"https:\/\/ines.es\/services\/structural-consultancy\/"},"modified":"2024-04-29T14:19:33","modified_gmt":"2024-04-29T14:19:33","slug":"structural-consultancy","status":"publish","type":"page","link":"https:\/\/ines.es\/es\/services\/structural-consultancy\/","title":{"rendered":"CONSULTOR\u00cdA DE ESTRUCTURAS"},"content":{"rendered":"\t\t<div data-elementor-type=\"wp-page\" data-elementor-id=\"10437\" class=\"elementor elementor-10437 elementor-6125\" data-elementor-post-type=\"page\">\n\t\t\t\t\t\t<section class=\"elementor-section elementor-top-section elementor-element elementor-element-8620b2b elementor-section-boxed elementor-section-height-default elementor-section-height-default elementor-invisible\" data-id=\"8620b2b\" data-element_type=\"section\" data-e-type=\"section\" data-settings=\"{&quot;background_background&quot;:&quot;video&quot;,&quot;animation&quot;:&quot;fadeIn&quot;,&quot;background_video_link&quot;:&quot;https:\\\/\\\/ines.es\\\/wp-content\\\/uploads\\\/2023\\\/11\\\/close-up-view-on-hand-of-man-stopping-risk-the-woo-2023-08-24-18-18-03-utc_1.mp4&quot;}\">\n\t\t\t\t\t\t\t\t<div class=\"elementor-background-video-container elementor-hidden-mobile\">\n\t\t\t\t\t\t\t\t\t\t\t\t\t<video class=\"elementor-background-video-hosted\" role=\"presentation\" autoplay muted playsinline loop><\/video>\n\t\t\t\t\t\t\t\t\t\t\t<\/div>\n\t\t\t\t\t\t\t\t\t<div class=\"elementor-background-overlay\"><\/div>\n\t\t\t\t\t\t\t<div class=\"elementor-container elementor-column-gap-default\">\n\t\t\t\t\t<div class=\"elementor-column elementor-col-50 elementor-top-column elementor-element elementor-element-3c3bfed\" data-id=\"3c3bfed\" data-element_type=\"column\" data-e-type=\"column\">\n\t\t\t<div class=\"elementor-widget-wrap elementor-element-populated\">\n\t\t\t\t\t\t<div class=\"elementor-element elementor-element-1229c95 de_scroll_animation_no elementor-invisible elementor-widget elementor-widget-heading\" data-id=\"1229c95\" data-element_type=\"widget\" data-e-type=\"widget\" data-settings=\"{&quot;_animation&quot;:&quot;fadeIn&quot;}\" data-widget_type=\"heading.default\">\n\t\t\t\t<div class=\"elementor-widget-container\">\n\t\t\t\t\t<h1 class=\"elementor-heading-title elementor-size-default\">CONSULTOR\u00cdA DE ESTRUCTURAS<\/h1>\t\t\t\t<\/div>\n\t\t\t\t<\/div>\n\t\t\t\t<div class=\"elementor-element elementor-element-dc954d7 de_scroll_animation_no elementor-widget elementor-widget-qi_addons_for_elementor_animated_text\" data-id=\"dc954d7\" data-element_type=\"widget\" data-e-type=\"widget\" data-widget_type=\"qi_addons_for_elementor_animated_text.default\">\n\t\t\t\t<div class=\"elementor-widget-container\">\n\t\t\t\t\t<div class=\"qodef-shortcode qodef-m qodef-qi-animated-text qodef--animated-by-word qodef--alignment-left qodef-qi--has-appear qodef--appear-from-right\" >\n\t\t<h3 class=\"qodef-m-title\">\n\t\t<span class=\"qodef-e-word\">ANALIZANDO<\/span> <span class=\"qodef-e-word\">EL<\/span> <span class=\"qodef-e-word\">PASADO<\/span> <span class=\"qodef-e-word\">PARA<\/span> <span class=\"qodef-e-word\">ADAPTARLO<\/span> <span class=\"qodef-e-word\">AL<\/span> <span class=\"qodef-e-word\">FUTURO<\/span>\t<\/h3>\n<\/div>\n\t\t\t\t<\/div>\n\t\t\t\t<\/div>\n\t\t\t\t\t<\/div>\n\t\t<\/div>\n\t\t\t\t<div class=\"elementor-column elementor-col-50 elementor-top-column elementor-element elementor-element-ac31dda\" data-id=\"ac31dda\" data-element_type=\"column\" data-e-type=\"column\">\n\t\t\t<div class=\"elementor-widget-wrap\">\n\t\t\t\t\t\t\t<\/div>\n\t\t<\/div>\n\t\t\t\t\t<\/div>\n\t\t<\/section>\n\t\t\t\t<section class=\"elementor-section elementor-top-section elementor-element elementor-element-558d8d3 elementor-section-boxed elementor-section-height-default elementor-section-height-default elementor-invisible\" data-id=\"558d8d3\" data-element_type=\"section\" data-e-type=\"section\" data-settings=\"{&quot;background_background&quot;:&quot;classic&quot;,&quot;animation&quot;:&quot;fadeIn&quot;}\">\n\t\t\t\t\t\t<div class=\"elementor-container elementor-column-gap-default\">\n\t\t\t\t\t<div class=\"elementor-column elementor-col-100 elementor-top-column elementor-element elementor-element-7c238a5\" data-id=\"7c238a5\" data-element_type=\"column\" data-e-type=\"column\">\n\t\t\t<div class=\"elementor-widget-wrap elementor-element-populated\">\n\t\t\t\t\t\t<div class=\"elementor-element elementor-element-d84153e elementor-widget__width-auto de_scroll_animation_no elementor-invisible elementor-widget elementor-widget-heading\" data-id=\"d84153e\" data-element_type=\"widget\" data-e-type=\"widget\" data-settings=\"{&quot;_animation&quot;:&quot;fadeIn&quot;}\" data-widget_type=\"heading.default\">\n\t\t\t\t<div class=\"elementor-widget-container\">\n\t\t\t\t\t<h6 class=\"elementor-heading-title elementor-size-default\">SERVICIOS<\/h6>\t\t\t\t<\/div>\n\t\t\t\t<\/div>\n\t\t\t\t<div class=\"elementor-element elementor-element-2af4dd6 de_scroll_animation_no elementor-widget elementor-widget-qi_addons_for_elementor_animated_text\" data-id=\"2af4dd6\" data-element_type=\"widget\" data-e-type=\"widget\" data-widget_type=\"qi_addons_for_elementor_animated_text.default\">\n\t\t\t\t<div class=\"elementor-widget-container\">\n\t\t\t\t\t<div class=\"qodef-shortcode qodef-m qodef-qi-animated-text qodef--animated-by-word qodef--alignment-left qodef-qi--has-appear qodef--appear-from-right\" >\n\t\t<h3 class=\"qodef-m-title\">\n\t\t<span class=\"qodef-e-word\">AMPLIANDO<\/span> <span class=\"qodef-e-word\">LA<\/span> <span class=\"qodef-e-word\">VIDA<\/span> <span class=\"qodef-e-word\">\u00daTIL<\/span> <span class=\"qodef-e-word\">Y<\/span> <span class=\"qodef-e-word\">POSIBILITANDO<\/span> <span class=\"qodef-e-word\">NUEVOS<\/span> <span class=\"qodef-e-word\">USOS<\/span> <span class=\"qodef-e-word\"><\/span>\t<\/h3>\n<\/div>\n\t\t\t\t<\/div>\n\t\t\t\t<\/div>\n\t\t\t\t<div class=\"elementor-element elementor-element-7e361f2 de_scroll_animation_no elementor-invisible elementor-widget elementor-widget-text-editor\" data-id=\"7e361f2\" data-element_type=\"widget\" data-e-type=\"widget\" data-settings=\"{&quot;_animation&quot;:&quot;fadeIn&quot;}\" data-widget_type=\"text-editor.default\">\n\t\t\t\t<div class=\"elementor-widget-container\">\n\t\t\t\t\t\t\t\t\t<p>Dentro de los servicios de consultor\u00eda relacionados con el comportamiento estructural destacan estudios muy espec\u00edficos, como la evoluci\u00f3n de estructuras existentes ante nuevas condiciones de explotaci\u00f3n (cargas y velocidades) o estudios de socavaci\u00f3n y vulnerabilidad y estudios generalistas como pueden ser el estudio de soluciones tipol\u00f3gicas, la supervisi\u00f3n y revisi\u00f3n de proyectos, etc.<\/p><p>Es importante destacar que existen un gran n\u00famero de estructuras en la actualidad que fueron proyectados y construidos bajo otro contexto normativo, algunos de ellos bajo reglas pseudo-te\u00f3ricas que llevan dando servicio, en ocasiones m\u00e1s de 150 a\u00f1os. Estas estructuras est\u00e1n sometidas a unas condiciones de carga muy diferentes a sus condiciones de explotaci\u00f3n originales para lo que requieren que se estudie su comportamiento en servicio y agotamiento. En otras ocasiones, el paso de un transporte especial hace recomendable analizar la respuesta estructural ante estas nuevas cargas excepcionales.<\/p><p>Otro aspecto a destacar en el que INES ha invertido tiempo y energ\u00eda tanto en proyectos, profesionales y de investigaci\u00f3n, es el de analizar la vulnerabilidad de las diferentes tipolog\u00edas estructurales de puentes ante la acci\u00f3n del cauce.<\/p><p>Un correcto an\u00e1lisis de las estructuras permite un aprovechamiento eficiente de las mismas. Desde ese punto de vista, INES est\u00e1 en condiciones de analizar, diagnosticar y adecuar todo tipo de tipolog\u00edas materializadas en cualquier material, hormig\u00f3n, met\u00e1licas, madera, siller\u00eda, f\u00e1bricas de todos los tipos, etc.<\/p>\t\t\t\t\t\t\t\t<\/div>\n\t\t\t\t<\/div>\n\t\t\t\t\t<\/div>\n\t\t<\/div>\n\t\t\t\t\t<\/div>\n\t\t<\/section>\n\t\t\t\t<\/div>\n\t\t","protected":false},"excerpt":{"rendered":"<p>CONSULTOR\u00cdA DE ESTRUCTURAS ANALIZANDO EL PASADO PARA ADAPTARLO AL FUTURO SERVICIOS AMPLIANDO LA VIDA \u00daTIL Y POSIBILITANDO NUEVOS USOS Dentro de los servicios de consultor\u00eda relacionados con el comportamiento estructural destacan estudios muy espec\u00edficos, como la evoluci\u00f3n de estructuras existentes ante nuevas condiciones de explotaci\u00f3n (cargas y velocidades) o estudios de socavaci\u00f3n y vulnerabilidad y [&hellip;]<\/p>\n","protected":false},"author":1,"featured_media":0,"parent":8431,"menu_order":0,"comment_status":"closed","ping_status":"closed","template":"elementor_header_footer","meta":{"_acf_changed":false,"inline_featured_image":false,"footnotes":""},"class_list":["post-10437","page","type-page","status-publish","hentry"],"acf":[],"_links":{"self":[{"href":"https:\/\/ines.es\/es\/wp-json\/wp\/v2\/pages\/10437","targetHints":{"allow":["GET"]}}],"collection":[{"href":"https:\/\/ines.es\/es\/wp-json\/wp\/v2\/pages"}],"about":[{"href":"https:\/\/ines.es\/es\/wp-json\/wp\/v2\/types\/page"}],"author":[{"embeddable":true,"href":"https:\/\/ines.es\/es\/wp-json\/wp\/v2\/users\/1"}],"replies":[{"embeddable":true,"href":"https:\/\/ines.es\/es\/wp-json\/wp\/v2\/comments?post=10437"}],"version-history":[{"count":10,"href":"https:\/\/ines.es\/es\/wp-json\/wp\/v2\/pages\/10437\/revisions"}],"predecessor-version":[{"id":10487,"href":"https:\/\/ines.es\/es\/wp-json\/wp\/v2\/pages\/10437\/revisions\/10487"}],"up":[{"embeddable":true,"href":"https:\/\/ines.es\/es\/wp-json\/wp\/v2\/pages\/8431"}],"wp:attachment":[{"href":"https:\/\/ines.es\/es\/wp-json\/wp\/v2\/media?parent=10437"}],"curies":[{"name":"wp","href":"https:\/\/api.w.org\/{rel}","templated":true}]}}