{"id":10436,"date":"2023-11-21T15:16:30","date_gmt":"2023-11-21T15:16:30","guid":{"rendered":"https:\/\/ines.es\/services\/material-consultancy\/"},"modified":"2024-04-29T14:39:36","modified_gmt":"2024-04-29T14:39:36","slug":"material-consultancy","status":"publish","type":"page","link":"https:\/\/ines.es\/es\/services\/material-consultancy\/","title":{"rendered":"CONSULTOR\u00cdA DE MATERIALES"},"content":{"rendered":"\t\t<div data-elementor-type=\"wp-page\" data-elementor-id=\"10436\" class=\"elementor elementor-10436 elementor-6133\" data-elementor-post-type=\"page\">\n\t\t\t\t\t\t<section class=\"elementor-section elementor-top-section elementor-element elementor-element-8620b2b elementor-section-boxed elementor-section-height-default elementor-section-height-default elementor-invisible\" data-id=\"8620b2b\" data-element_type=\"section\" data-e-type=\"section\" data-settings=\"{&quot;background_background&quot;:&quot;video&quot;,&quot;animation&quot;:&quot;fadeIn&quot;,&quot;background_video_link&quot;:&quot;https:\\\/\\\/ines.es\\\/wp-content\\\/uploads\\\/2023\\\/11\\\/fire-with-huge-speed-spreading-in-forest-high-ris-2022-08-03-21-31-12-utc.mp4&quot;}\">\n\t\t\t\t\t\t\t\t<div class=\"elementor-background-video-container elementor-hidden-mobile\">\n\t\t\t\t\t\t\t\t\t\t\t\t\t<video class=\"elementor-background-video-hosted\" role=\"presentation\" autoplay muted playsinline loop><\/video>\n\t\t\t\t\t\t\t\t\t\t\t<\/div>\n\t\t\t\t\t\t\t\t\t<div class=\"elementor-background-overlay\"><\/div>\n\t\t\t\t\t\t\t<div class=\"elementor-container elementor-column-gap-default\">\n\t\t\t\t\t<div class=\"elementor-column elementor-col-50 elementor-top-column elementor-element elementor-element-3c3bfed\" data-id=\"3c3bfed\" data-element_type=\"column\" data-e-type=\"column\">\n\t\t\t<div class=\"elementor-widget-wrap elementor-element-populated\">\n\t\t\t\t\t\t<div class=\"elementor-element elementor-element-1229c95 de_scroll_animation_no elementor-invisible elementor-widget elementor-widget-heading\" data-id=\"1229c95\" data-element_type=\"widget\" data-e-type=\"widget\" data-settings=\"{&quot;_animation&quot;:&quot;fadeIn&quot;}\" data-widget_type=\"heading.default\">\n\t\t\t\t<div class=\"elementor-widget-container\">\n\t\t\t\t\t<h1 class=\"elementor-heading-title elementor-size-default\">CONSULTOR\u00cdA DE MATERIALES<\/h1>\t\t\t\t<\/div>\n\t\t\t\t<\/div>\n\t\t\t\t<div class=\"elementor-element elementor-element-69a797d de_scroll_animation_no elementor-widget elementor-widget-qi_addons_for_elementor_animated_text\" data-id=\"69a797d\" data-element_type=\"widget\" data-e-type=\"widget\" data-widget_type=\"qi_addons_for_elementor_animated_text.default\">\n\t\t\t\t<div class=\"elementor-widget-container\">\n\t\t\t\t\t<div class=\"qodef-shortcode qodef-m qodef-qi-animated-text qodef--animated-by-word qodef--alignment-left qodef-qi--has-appear qodef--appear-from-right\" >\n\t\t<h3 class=\"qodef-m-title\">\n\t\t<span class=\"qodef-e-word\">ENTENDIENDO<\/span> <span class=\"qodef-e-word\">LOS<\/span> <span class=\"qodef-e-word\">PROBLEMAS<\/span> <span class=\"qodef-e-word\">OCULTOS<\/span> <span class=\"qodef-e-word\">DE<\/span> <span class=\"qodef-e-word\">LAS<\/span> <span class=\"qodef-e-word\">INFRAESTRUCTURAS<\/span>\t<\/h3>\n<\/div>\n\t\t\t\t<\/div>\n\t\t\t\t<\/div>\n\t\t\t\t\t<\/div>\n\t\t<\/div>\n\t\t\t\t<div class=\"elementor-column elementor-col-50 elementor-top-column elementor-element elementor-element-ac31dda\" data-id=\"ac31dda\" data-element_type=\"column\" data-e-type=\"column\">\n\t\t\t<div class=\"elementor-widget-wrap\">\n\t\t\t\t\t\t\t<\/div>\n\t\t<\/div>\n\t\t\t\t\t<\/div>\n\t\t<\/section>\n\t\t\t\t<section class=\"elementor-section elementor-top-section elementor-element elementor-element-558d8d3 elementor-section-boxed elementor-section-height-default elementor-section-height-default elementor-invisible\" data-id=\"558d8d3\" data-element_type=\"section\" data-e-type=\"section\" data-settings=\"{&quot;background_background&quot;:&quot;classic&quot;,&quot;animation&quot;:&quot;fadeIn&quot;}\">\n\t\t\t\t\t\t<div class=\"elementor-container elementor-column-gap-default\">\n\t\t\t\t\t<div class=\"elementor-column elementor-col-100 elementor-top-column elementor-element elementor-element-7c238a5\" data-id=\"7c238a5\" data-element_type=\"column\" data-e-type=\"column\">\n\t\t\t<div class=\"elementor-widget-wrap elementor-element-populated\">\n\t\t\t\t\t\t<div class=\"elementor-element elementor-element-d84153e elementor-widget__width-auto de_scroll_animation_no elementor-invisible elementor-widget elementor-widget-heading\" data-id=\"d84153e\" data-element_type=\"widget\" data-e-type=\"widget\" data-settings=\"{&quot;_animation&quot;:&quot;fadeIn&quot;}\" data-widget_type=\"heading.default\">\n\t\t\t\t<div class=\"elementor-widget-container\">\n\t\t\t\t\t<h6 class=\"elementor-heading-title elementor-size-default\">SERVICIOS<\/h6>\t\t\t\t<\/div>\n\t\t\t\t<\/div>\n\t\t\t\t<div class=\"elementor-element elementor-element-2af4dd6 de_scroll_animation_no elementor-widget elementor-widget-qi_addons_for_elementor_animated_text\" data-id=\"2af4dd6\" data-element_type=\"widget\" data-e-type=\"widget\" data-widget_type=\"qi_addons_for_elementor_animated_text.default\">\n\t\t\t\t<div class=\"elementor-widget-container\">\n\t\t\t\t\t<div class=\"qodef-shortcode qodef-m qodef-qi-animated-text qodef--animated-by-word qodef--alignment-left qodef-qi--has-appear qodef--appear-from-right\" >\n\t\t<h3 class=\"qodef-m-title\">\n\t\t<span class=\"qodef-e-word\">BUSCANDO<\/span> <span class=\"qodef-e-word\">ATAJAR<\/span> <span class=\"qodef-e-word\">LA<\/span> <span class=\"qodef-e-word\">CAUSA<\/span>\t<\/h3>\n<\/div>\n\t\t\t\t<\/div>\n\t\t\t\t<\/div>\n\t\t\t\t<div class=\"elementor-element elementor-element-7e361f2 de_scroll_animation_no elementor-invisible elementor-widget elementor-widget-text-editor\" data-id=\"7e361f2\" data-element_type=\"widget\" data-e-type=\"widget\" data-settings=\"{&quot;_animation&quot;:&quot;fadeIn&quot;}\" data-widget_type=\"text-editor.default\">\n\t\t\t\t<div class=\"elementor-widget-container\">\n\t\t\t\t\t\t\t\t\t<p>Los materiales de construcci\u00f3n se ven afectados por el cambio de las condiciones de contorno. En conjunto, estas acciones son capaces de modificar las propiedades por las que fue elegido el material, afectando significativamente a su comportamiento y por ende, a la vida \u00fatil de las construcciones. Es por ello fundamental, a la hora de abordar el estudio de cualquier tipolog\u00eda estructural construida, la caracterizaci\u00f3n de los materiales y su estado durable.<\/p><p>Respondiendo a la creciente necesidad de trabajar con muy diversos materiales dentro del campo de la ingenier\u00eda y la consultor\u00eda, INES ha desarrollado una l\u00ednea de consultor\u00eda de materiales cuyo principal valor se basa en una s\u00f3lida formaci\u00f3n y experiencia en el campo de materiales tradicionales (piedra, cer\u00e1micos, morteros de cal) y su aplicaci\u00f3n al campo de la restauraci\u00f3n del patrimonio, as\u00ed como materiales actuales org\u00e1nicos e inorg\u00e1nicos (hormigones, aceros, materiales compuestos, etc.), madurada a trav\u00e9s de a\u00f1os en estrecha colaboraci\u00f3n con centros de investigaci\u00f3n. Todo ello nos permite abordar cualquier problem\u00e1tica referida a los materiales de construcci\u00f3n y a las labores de mantenimiento, teniendo la capacidad de dise\u00f1ar las l\u00edneas de diagn\u00f3stico y soluciones de intervenci\u00f3n necesarias.<\/p><p>Ejemplo de estudios de durabilidad realizados:<\/p><ul><li>Caracterizaci\u00f3n petrol\u00f3gica y petrof\u00edsica de los materiales de las estructuras tradicionales (piedra, teja y mortero de cal).<\/li><li>Localizaci\u00f3n de las posibles canteras de origen de los materiales p\u00e9treos.<\/li><li>Evaluaci\u00f3n y diagn\u00f3stico de los procesos de deterioro que act\u00faan sobre los materiales (mapa de da\u00f1os, mapa de humedades y contenido en sales).<\/li><li>Evaluaci\u00f3n de la idoneidad de los productos para el tratamiento de materiales (mamposter\u00eda, hormig\u00f3n, cer\u00e1mica y morteros).<\/li><li>Control de la eficacia de los tratamientos de reparaci\u00f3n de materiales de construcci\u00f3n.<\/li><li>Control de calidad de los materiales aplicados a la restauraci\u00f3n.<\/li><li>Campa\u00f1as de caracterizaci\u00f3n de estructuras de cemento aluminoso.<\/li><li>Evaluaci\u00f3n del estado de corrosi\u00f3n de las estructuras.<\/li><li>Caracterizaci\u00f3n de los par\u00e1metros de corrosi\u00f3n electroqu\u00edmica: mapas de potencial y resistividad.<\/li><li>Estudio de caracterizaci\u00f3n de elementos agresivos sobre materiales y elementos construidos.<\/li><li>Estudios de degradaci\u00f3n acelerada del hormig\u00f3n.<\/li><li>Estudio de estructuras de hormig\u00f3n afectadas por reacciones expansivas: formaci\u00f3n de ettringita y reacciones \u00e1rido-\u00e1lcali.<\/li><li>Efecto de las sales de deshielo en el hormig\u00f3n.<\/li><li>Supervisi\u00f3n de los sistemas de protecci\u00f3n.<\/li><li>Evaluaci\u00f3n de las instalaciones de protecci\u00f3n cat\u00f3dica.<\/li><li>Dise\u00f1o de sistemas de protecci\u00f3n de armaduras.<\/li><\/ul>\t\t\t\t\t\t\t\t<\/div>\n\t\t\t\t<\/div>\n\t\t\t\t\t<\/div>\n\t\t<\/div>\n\t\t\t\t\t<\/div>\n\t\t<\/section>\n\t\t\t\t<\/div>\n\t\t","protected":false},"excerpt":{"rendered":"<p>CONSULTOR\u00cdA DE MATERIALES ENTENDIENDO LOS PROBLEMAS OCULTOS DE LAS INFRAESTRUCTURAS SERVICIOS BUSCANDO ATAJAR LA CAUSA Los materiales de construcci\u00f3n se ven afectados por el cambio de las condiciones de contorno. En conjunto, estas acciones son capaces de modificar las propiedades por las que fue elegido el material, afectando significativamente a su comportamiento y por ende, [&hellip;]<\/p>\n","protected":false},"author":1,"featured_media":0,"parent":8431,"menu_order":0,"comment_status":"closed","ping_status":"closed","template":"elementor_header_footer","meta":{"_acf_changed":false,"inline_featured_image":false,"footnotes":""},"class_list":["post-10436","page","type-page","status-publish","hentry"],"acf":[],"_links":{"self":[{"href":"https:\/\/ines.es\/es\/wp-json\/wp\/v2\/pages\/10436","targetHints":{"allow":["GET"]}}],"collection":[{"href":"https:\/\/ines.es\/es\/wp-json\/wp\/v2\/pages"}],"about":[{"href":"https:\/\/ines.es\/es\/wp-json\/wp\/v2\/types\/page"}],"author":[{"embeddable":true,"href":"https:\/\/ines.es\/es\/wp-json\/wp\/v2\/users\/1"}],"replies":[{"embeddable":true,"href":"https:\/\/ines.es\/es\/wp-json\/wp\/v2\/comments?post=10436"}],"version-history":[{"count":4,"href":"https:\/\/ines.es\/es\/wp-json\/wp\/v2\/pages\/10436\/revisions"}],"predecessor-version":[{"id":10477,"href":"https:\/\/ines.es\/es\/wp-json\/wp\/v2\/pages\/10436\/revisions\/10477"}],"up":[{"embeddable":true,"href":"https:\/\/ines.es\/es\/wp-json\/wp\/v2\/pages\/8431"}],"wp:attachment":[{"href":"https:\/\/ines.es\/es\/wp-json\/wp\/v2\/media?parent=10436"}],"curies":[{"name":"wp","href":"https:\/\/api.w.org\/{rel}","templated":true}]}}