{"id":10435,"date":"2023-11-21T15:16:44","date_gmt":"2023-11-21T15:16:44","guid":{"rendered":"https:\/\/ines.es\/services\/technico-economic-consultancy\/"},"modified":"2024-04-29T14:09:35","modified_gmt":"2024-04-29T14:09:35","slug":"technico-economic-consultancy","status":"publish","type":"page","link":"https:\/\/ines.es\/es\/services\/technico-economic-consultancy\/","title":{"rendered":"CONSULTOR\u00cdA T\u00c9CNICO-ECON\u00d3MICA\u200b"},"content":{"rendered":"\t\t<div data-elementor-type=\"wp-page\" data-elementor-id=\"10435\" class=\"elementor elementor-10435 elementor-6135\" data-elementor-post-type=\"page\">\n\t\t\t\t\t\t<section class=\"elementor-section elementor-top-section elementor-element elementor-element-8620b2b elementor-section-boxed elementor-section-height-default elementor-section-height-default elementor-invisible\" data-id=\"8620b2b\" data-element_type=\"section\" data-e-type=\"section\" data-settings=\"{&quot;background_background&quot;:&quot;video&quot;,&quot;animation&quot;:&quot;fadeIn&quot;,&quot;background_video_link&quot;:&quot;https:\\\/\\\/ines.es\\\/wp-content\\\/uploads\\\/2023\\\/11\\\/tecnoeco.mp4&quot;}\">\n\t\t\t\t\t\t\t\t<div class=\"elementor-background-video-container elementor-hidden-mobile\">\n\t\t\t\t\t\t\t\t\t\t\t\t\t<video class=\"elementor-background-video-hosted\" role=\"presentation\" autoplay muted playsinline loop><\/video>\n\t\t\t\t\t\t\t\t\t\t\t<\/div>\n\t\t\t\t\t\t\t\t\t<div class=\"elementor-background-overlay\"><\/div>\n\t\t\t\t\t\t\t<div class=\"elementor-container elementor-column-gap-default\">\n\t\t\t\t\t<div class=\"elementor-column elementor-col-50 elementor-top-column elementor-element elementor-element-3c3bfed\" data-id=\"3c3bfed\" data-element_type=\"column\" data-e-type=\"column\">\n\t\t\t<div class=\"elementor-widget-wrap elementor-element-populated\">\n\t\t\t\t\t\t<div class=\"elementor-element elementor-element-1229c95 de_scroll_animation_no elementor-invisible elementor-widget elementor-widget-heading\" data-id=\"1229c95\" data-element_type=\"widget\" data-e-type=\"widget\" data-settings=\"{&quot;_animation&quot;:&quot;fadeIn&quot;}\" data-widget_type=\"heading.default\">\n\t\t\t\t<div class=\"elementor-widget-container\">\n\t\t\t\t\t<h1 class=\"elementor-heading-title elementor-size-default\">CONSULTOR\u00cdA T\u00c9CNICO-ECON\u00d3MICA<\/h1>\t\t\t\t<\/div>\n\t\t\t\t<\/div>\n\t\t\t\t<div class=\"elementor-element elementor-element-2e2e43a de_scroll_animation_no elementor-widget elementor-widget-qi_addons_for_elementor_animated_text\" data-id=\"2e2e43a\" data-element_type=\"widget\" data-e-type=\"widget\" data-widget_type=\"qi_addons_for_elementor_animated_text.default\">\n\t\t\t\t<div class=\"elementor-widget-container\">\n\t\t\t\t\t<div class=\"qodef-shortcode qodef-m qodef-qi-animated-text qodef--animated-by-word qodef--alignment-left qodef-qi--has-appear qodef--appear-from-right\" >\n\t\t<h3 class=\"qodef-m-title\">\n\t\t<span class=\"qodef-e-word\">OPTIMICEMOS<\/span> <span class=\"qodef-e-word\">LA<\/span> <span class=\"qodef-e-word\">INVERSI\u00d3N<\/span>\t<\/h3>\n<\/div>\n\t\t\t\t<\/div>\n\t\t\t\t<\/div>\n\t\t\t\t\t<\/div>\n\t\t<\/div>\n\t\t\t\t<div class=\"elementor-column elementor-col-50 elementor-top-column elementor-element elementor-element-ac31dda\" data-id=\"ac31dda\" data-element_type=\"column\" data-e-type=\"column\">\n\t\t\t<div class=\"elementor-widget-wrap\">\n\t\t\t\t\t\t\t<\/div>\n\t\t<\/div>\n\t\t\t\t\t<\/div>\n\t\t<\/section>\n\t\t\t\t<section class=\"elementor-section elementor-top-section elementor-element elementor-element-558d8d3 elementor-section-boxed elementor-section-height-default elementor-section-height-default elementor-invisible\" data-id=\"558d8d3\" data-element_type=\"section\" data-e-type=\"section\" data-settings=\"{&quot;background_background&quot;:&quot;classic&quot;,&quot;animation&quot;:&quot;fadeIn&quot;}\">\n\t\t\t\t\t\t<div class=\"elementor-container elementor-column-gap-default\">\n\t\t\t\t\t<div class=\"elementor-column elementor-col-100 elementor-top-column elementor-element elementor-element-7c238a5\" data-id=\"7c238a5\" data-element_type=\"column\" data-e-type=\"column\">\n\t\t\t<div class=\"elementor-widget-wrap elementor-element-populated\">\n\t\t\t\t\t\t<div class=\"elementor-element elementor-element-d84153e elementor-widget__width-auto de_scroll_animation_no elementor-invisible elementor-widget elementor-widget-heading\" data-id=\"d84153e\" data-element_type=\"widget\" data-e-type=\"widget\" data-settings=\"{&quot;_animation&quot;:&quot;fadeIn&quot;}\" data-widget_type=\"heading.default\">\n\t\t\t\t<div class=\"elementor-widget-container\">\n\t\t\t\t\t<h6 class=\"elementor-heading-title elementor-size-default\">SERVICIOS<\/h6>\t\t\t\t<\/div>\n\t\t\t\t<\/div>\n\t\t\t\t<div class=\"elementor-element elementor-element-2af4dd6 de_scroll_animation_no elementor-widget elementor-widget-qi_addons_for_elementor_animated_text\" data-id=\"2af4dd6\" data-element_type=\"widget\" data-e-type=\"widget\" data-widget_type=\"qi_addons_for_elementor_animated_text.default\">\n\t\t\t\t<div class=\"elementor-widget-container\">\n\t\t\t\t\t<div class=\"qodef-shortcode qodef-m qodef-qi-animated-text qodef--animated-by-word qodef--alignment-left qodef-qi--has-appear qodef--appear-from-right\" >\n\t\t<h3 class=\"qodef-m-title\">\n\t\t<span class=\"qodef-e-word\">APLICANDO<\/span> <span class=\"qodef-e-word\">UN<\/span> <span class=\"qodef-e-word\">ENFOQUE<\/span> <span class=\"qodef-e-word\">CUANTITATIVO<\/span> <span class=\"qodef-e-word\">A<\/span> <span class=\"qodef-e-word\">LA<\/span> <span class=\"qodef-e-word\">TOMA<\/span> <span class=\"qodef-e-word\">DE<\/span> <span class=\"qodef-e-word\">DECISIONES<\/span>\t<\/h3>\n<\/div>\n\t\t\t\t<\/div>\n\t\t\t\t<\/div>\n\t\t\t\t<div class=\"elementor-element elementor-element-7e361f2 de_scroll_animation_no elementor-invisible elementor-widget elementor-widget-text-editor\" data-id=\"7e361f2\" data-element_type=\"widget\" data-e-type=\"widget\" data-settings=\"{&quot;_animation&quot;:&quot;fadeIn&quot;}\" data-widget_type=\"text-editor.default\">\n\t\t\t\t<div class=\"elementor-widget-container\">\n\t\t\t\t\t\t\t\t\t<p>Los servicios que quedan englobados en este apartado son una expresi\u00f3n de la necesidad de interacci\u00f3n entre teor\u00eda y econom\u00eda en el nuevo panorama de las infraestructuras.<\/p><p>La dilatada experiencia de INES en este sector, trabajando tanto con Administraciones P\u00fablicas (ADIF, Ministerio de Fomento, etc.), como con entidades locales y empresas privadas (GLOBALV\u00cdA, SACYR, ROADIS, CINTRA, ABERTIS, etc.), nos sit\u00faa en condiciones de enfocar eficazmente este an\u00e1lisis.<\/p><p>La aparici\u00f3n y potenciaci\u00f3n de nuevos escenarios de financiaci\u00f3n por las infraestructuras obliga m\u00e1s que nunca a analizar y cuantificar los riesgos desde esta doble perspectiva.<\/p><p>Los estudios de viabilidad y riesgo, que analizan todo el ciclo de vida de una infraestructura (dise\u00f1o y construcci\u00f3n, mantenimiento y explotaci\u00f3n, reparaci\u00f3n, ajuste y demolici\u00f3n) constituyen una herramienta clave para el proceso de toma de decisiones.<\/p><p>Por otra parte, la auditoria de los procesos relacionados con las infraestructuras permite corregir problemas y defectos en la gesti\u00f3n de las mismas.<\/p><p>La estimaci\u00f3n de los diferentes costes relacionados con la gesti\u00f3n de las infraestructuras en funci\u00f3n de la estructura y organizaci\u00f3n del cliente, facilita el asesoramiento a los sistemas concesionales.<\/p>\t\t\t\t\t\t\t\t<\/div>\n\t\t\t\t<\/div>\n\t\t\t\t\t<\/div>\n\t\t<\/div>\n\t\t\t\t\t<\/div>\n\t\t<\/section>\n\t\t\t\t<\/div>\n\t\t","protected":false},"excerpt":{"rendered":"<p>CONSULTOR\u00cdA T\u00c9CNICO-ECON\u00d3MICA OPTIMICEMOS LA INVERSI\u00d3N SERVICIOS APLICANDO UN ENFOQUE CUANTITATIVO A LA TOMA DE DECISIONES Los servicios que quedan englobados en este apartado son una expresi\u00f3n de la necesidad de interacci\u00f3n entre teor\u00eda y econom\u00eda en el nuevo panorama de las infraestructuras. La dilatada experiencia de INES en este sector, trabajando tanto con Administraciones P\u00fablicas [&hellip;]<\/p>\n","protected":false},"author":1,"featured_media":0,"parent":8431,"menu_order":0,"comment_status":"closed","ping_status":"closed","template":"elementor_header_footer","meta":{"_acf_changed":false,"inline_featured_image":false,"footnotes":""},"class_list":["post-10435","page","type-page","status-publish","hentry"],"acf":[],"_links":{"self":[{"href":"https:\/\/ines.es\/es\/wp-json\/wp\/v2\/pages\/10435","targetHints":{"allow":["GET"]}}],"collection":[{"href":"https:\/\/ines.es\/es\/wp-json\/wp\/v2\/pages"}],"about":[{"href":"https:\/\/ines.es\/es\/wp-json\/wp\/v2\/types\/page"}],"author":[{"embeddable":true,"href":"https:\/\/ines.es\/es\/wp-json\/wp\/v2\/users\/1"}],"replies":[{"embeddable":true,"href":"https:\/\/ines.es\/es\/wp-json\/wp\/v2\/comments?post=10435"}],"version-history":[{"count":4,"href":"https:\/\/ines.es\/es\/wp-json\/wp\/v2\/pages\/10435\/revisions"}],"predecessor-version":[{"id":10473,"href":"https:\/\/ines.es\/es\/wp-json\/wp\/v2\/pages\/10435\/revisions\/10473"}],"up":[{"embeddable":true,"href":"https:\/\/ines.es\/es\/wp-json\/wp\/v2\/pages\/8431"}],"wp:attachment":[{"href":"https:\/\/ines.es\/es\/wp-json\/wp\/v2\/media?parent=10435"}],"curies":[{"name":"wp","href":"https:\/\/api.w.org\/{rel}","templated":true}]}}