{"id":10433,"date":"2023-11-21T15:46:27","date_gmt":"2023-11-21T15:46:27","guid":{"rendered":"https:\/\/ines.es\/services\/disaster-risk-assessment\/"},"modified":"2024-04-29T14:33:51","modified_gmt":"2024-04-29T14:33:51","slug":"disaster-risk-assessment","status":"publish","type":"page","link":"https:\/\/ines.es\/es\/services\/disaster-risk-assessment\/","title":{"rendered":"EVALUACI\u00d3N DE RIESGOS CLIM\u00c1TICOS"},"content":{"rendered":"\t\t<div data-elementor-type=\"wp-page\" data-elementor-id=\"10433\" class=\"elementor elementor-10433 elementor-6137\" data-elementor-post-type=\"page\">\n\t\t\t\t\t\t<section class=\"elementor-section elementor-top-section elementor-element elementor-element-8620b2b elementor-section-boxed elementor-section-height-default elementor-section-height-default elementor-invisible\" data-id=\"8620b2b\" data-element_type=\"section\" data-e-type=\"section\" data-settings=\"{&quot;background_background&quot;:&quot;video&quot;,&quot;animation&quot;:&quot;fadeIn&quot;,&quot;background_video_link&quot;:&quot;https:\\\/\\\/ines.es\\\/wp-content\\\/uploads\\\/2023\\\/11\\\/pOHNPEI-1.mp4&quot;}\">\n\t\t\t\t\t\t\t\t<div class=\"elementor-background-video-container elementor-hidden-mobile\">\n\t\t\t\t\t\t\t\t\t\t\t\t\t<video class=\"elementor-background-video-hosted\" role=\"presentation\" autoplay muted playsinline loop><\/video>\n\t\t\t\t\t\t\t\t\t\t\t<\/div>\n\t\t\t\t\t\t\t\t\t<div class=\"elementor-background-overlay\"><\/div>\n\t\t\t\t\t\t\t<div class=\"elementor-container elementor-column-gap-default\">\n\t\t\t\t\t<div class=\"elementor-column elementor-col-50 elementor-top-column elementor-element elementor-element-3c3bfed\" data-id=\"3c3bfed\" data-element_type=\"column\" data-e-type=\"column\">\n\t\t\t<div class=\"elementor-widget-wrap elementor-element-populated\">\n\t\t\t\t\t\t<div class=\"elementor-element elementor-element-1229c95 de_scroll_animation_no elementor-invisible elementor-widget elementor-widget-heading\" data-id=\"1229c95\" data-element_type=\"widget\" data-e-type=\"widget\" data-settings=\"{&quot;_animation&quot;:&quot;fadeIn&quot;}\" data-widget_type=\"heading.default\">\n\t\t\t\t<div class=\"elementor-widget-container\">\n\t\t\t\t\t<h1 class=\"elementor-heading-title elementor-size-default\">EVALUACI\u00d3N DE RIESGOS CLIM\u00c1TICOS<\/h1>\t\t\t\t<\/div>\n\t\t\t\t<\/div>\n\t\t\t\t<div class=\"elementor-element elementor-element-951aeff de_scroll_animation_no elementor-invisible elementor-widget elementor-widget-heading\" data-id=\"951aeff\" data-element_type=\"widget\" data-e-type=\"widget\" data-settings=\"{&quot;_animation&quot;:&quot;fadeIn&quot;}\" data-widget_type=\"heading.default\">\n\t\t\t\t<div class=\"elementor-widget-container\">\n\t\t\t\t\t<h2 class=\"elementor-heading-title elementor-size-default\">AYUDANDO A ORGANIZACIONES Y COMUNIDADES A PREPARARSE PARA LOS EFECTOS DEL CAMBIO CLIM\u00c1TICO<\/h2>\t\t\t\t<\/div>\n\t\t\t\t<\/div>\n\t\t\t\t\t<\/div>\n\t\t<\/div>\n\t\t\t\t<div class=\"elementor-column elementor-col-50 elementor-top-column elementor-element elementor-element-ac31dda\" data-id=\"ac31dda\" data-element_type=\"column\" data-e-type=\"column\">\n\t\t\t<div class=\"elementor-widget-wrap\">\n\t\t\t\t\t\t\t<\/div>\n\t\t<\/div>\n\t\t\t\t\t<\/div>\n\t\t<\/section>\n\t\t\t\t<section class=\"elementor-section elementor-top-section elementor-element elementor-element-558d8d3 elementor-section-boxed elementor-section-height-default elementor-section-height-default elementor-invisible\" data-id=\"558d8d3\" data-element_type=\"section\" data-e-type=\"section\" data-settings=\"{&quot;background_background&quot;:&quot;classic&quot;,&quot;animation&quot;:&quot;fadeIn&quot;}\">\n\t\t\t\t\t\t<div class=\"elementor-container elementor-column-gap-default\">\n\t\t\t\t\t<div class=\"elementor-column elementor-col-100 elementor-top-column elementor-element elementor-element-7c238a5\" data-id=\"7c238a5\" data-element_type=\"column\" data-e-type=\"column\">\n\t\t\t<div class=\"elementor-widget-wrap elementor-element-populated\">\n\t\t\t\t\t\t<div class=\"elementor-element elementor-element-d84153e elementor-widget__width-auto de_scroll_animation_no elementor-invisible elementor-widget elementor-widget-heading\" data-id=\"d84153e\" data-element_type=\"widget\" data-e-type=\"widget\" data-settings=\"{&quot;_animation&quot;:&quot;fadeIn&quot;}\" data-widget_type=\"heading.default\">\n\t\t\t\t<div class=\"elementor-widget-container\">\n\t\t\t\t\t<h6 class=\"elementor-heading-title elementor-size-default\">SERVICIOS<\/h6>\t\t\t\t<\/div>\n\t\t\t\t<\/div>\n\t\t\t\t<div class=\"elementor-element elementor-element-2af4dd6 de_scroll_animation_no elementor-widget elementor-widget-qi_addons_for_elementor_animated_text\" data-id=\"2af4dd6\" data-element_type=\"widget\" data-e-type=\"widget\" data-widget_type=\"qi_addons_for_elementor_animated_text.default\">\n\t\t\t\t<div class=\"elementor-widget-container\">\n\t\t\t\t\t<div class=\"qodef-shortcode qodef-m qodef-qi-animated-text qodef--animated-by-word qodef--alignment-left qodef-qi--has-appear qodef--appear-from-right\" >\n\t\t<h3 class=\"qodef-m-title\">\n\t\t<span class=\"qodef-e-word\">MARCANDO<\/span> <span class=\"qodef-e-word\">EL<\/span> <span class=\"qodef-e-word\">CAMINO<\/span> <span class=\"qodef-e-word\">HACIA<\/span> <span class=\"qodef-e-word\">LA<\/span> <span class=\"qodef-e-word\">RESILIENCIA<\/span>\t<\/h3>\n<\/div>\n\t\t\t\t<\/div>\n\t\t\t\t<\/div>\n\t\t\t\t<div class=\"elementor-element elementor-element-26405d7 elementor-widget__width-initial de_scroll_animation_no elementor-invisible elementor-widget elementor-widget-text-editor\" data-id=\"26405d7\" data-element_type=\"widget\" data-e-type=\"widget\" data-settings=\"{&quot;_animation&quot;:&quot;fadeIn&quot;}\" data-widget_type=\"text-editor.default\">\n\t\t\t\t<div class=\"elementor-widget-container\">\n\t\t\t\t\t\t\t\t\t<p>En los \u00faltimos a\u00f1os, el efecto del Cambio Clim\u00e1tico parece cada vez m\u00e1s presente en la gesti\u00f3n diaria de los activos de infraestructura, as\u00ed como en la vida de las concesiones o inversiones privadas en activos construidos (Bancos, Fondos de Inversi\u00f3n, Seguros, Gestores de Edificios&#8230;). INES proporciona servicios de evaluaci\u00f3n de riesgos consistentes en la definici\u00f3n de la probabilidad de fallo de los activos en las condiciones clim\u00e1ticas a las que est\u00e1n sometidos, lo que permite llevar a cabo un enfoque de mantenimiento preventivo.<\/p><p>El riesgo se desglosa en diferentes indicadores, lo que permite identificar los puntos d\u00e9biles de los activos y optimizar las acciones necesarias para aumentar su resiliencia y reducir el riesgo al que est\u00e1 expuesta la sociedad.<\/p><p>Los servicios en este \u00e1rea comienzan con la\u00a0<b>Cuantificaci\u00f3n de la Exposici\u00f3n y la Recurrencia<\/b>, cuyo objetivo es redefinir los peligros a los que est\u00e1 sometido el entorno construido; contin\u00faan con un\u00a0<b>Diagn\u00f3stico de Vulnerabilidad e Identificaci\u00f3n de Riesgos<\/b>, donde se incorporan datos sociales, ambientales y econ\u00f3micos al proceso de toma de decisiones; y finaliza en la\u00a0<b>Definici\u00f3n de la Estrategia de Resiliencia<\/b>, donde se marca el camino para adaptarse a la nueva realidad en colaboraci\u00f3n con el Cliente.<\/p><p>Adem\u00e1s de prestar servicios de consultor\u00eda de evaluaci\u00f3n de riesgos clim\u00e1ticos, centrados en la toma de decisiones, INES completa el ciclo global de resiliencia y adaptaci\u00f3n definiendo soluciones de adaptaci\u00f3n\u00a0 concretas a partir del desarrollo de proyectos de ingenier\u00eda e implantando sistemas de alerta temprana.<\/p>\t\t\t\t\t\t\t\t<\/div>\n\t\t\t\t<\/div>\n\t\t\t\t<div class=\"elementor-element elementor-element-47c72e1 elementor-widget__width-initial de_scroll_animation_no elementor-widget elementor-widget-image\" data-id=\"47c72e1\" data-element_type=\"widget\" data-e-type=\"widget\" data-widget_type=\"image.default\">\n\t\t\t\t<div class=\"elementor-widget-container\">\n\t\t\t\t\t\t\t\t\t\t\t\t\t\t\t<img fetchpriority=\"high\" decoding=\"async\" width=\"800\" height=\"610\" src=\"https:\/\/ines.es\/wp-content\/uploads\/2023\/12\/DRA-1024x781.png\" class=\"attachment-large size-large wp-image-10434\" alt=\"\" srcset=\"https:\/\/ines.es\/wp-content\/uploads\/2023\/12\/DRA-1024x781.png 1024w, https:\/\/ines.es\/wp-content\/uploads\/2023\/12\/DRA-300x229.png 300w, https:\/\/ines.es\/wp-content\/uploads\/2023\/12\/DRA-768x586.png 768w, https:\/\/ines.es\/wp-content\/uploads\/2023\/12\/DRA.png 1205w\" sizes=\"(max-width: 800px) 100vw, 800px\" \/>\t\t\t\t\t\t\t\t\t\t\t\t\t\t\t<\/div>\n\t\t\t\t<\/div>\n\t\t\t\t\t<\/div>\n\t\t<\/div>\n\t\t\t\t\t<\/div>\n\t\t<\/section>\n\t\t\t\t<\/div>\n\t\t","protected":false},"excerpt":{"rendered":"<p>EVALUACI\u00d3N DE RIESGOS CLIM\u00c1TICOS AYUDANDO A ORGANIZACIONES Y COMUNIDADES A PREPARARSE PARA LOS EFECTOS DEL CAMBIO CLIM\u00c1TICO SERVICIOS MARCANDO EL CAMINO HACIA LA RESILIENCIA En los \u00faltimos a\u00f1os, el efecto del Cambio Clim\u00e1tico parece cada vez m\u00e1s presente en la gesti\u00f3n diaria de los activos de infraestructura, as\u00ed como en la vida de las concesiones [&hellip;]<\/p>\n","protected":false},"author":1,"featured_media":0,"parent":8431,"menu_order":0,"comment_status":"closed","ping_status":"closed","template":"elementor_header_footer","meta":{"_acf_changed":false,"inline_featured_image":false,"footnotes":""},"class_list":["post-10433","page","type-page","status-publish","hentry"],"acf":[],"_links":{"self":[{"href":"https:\/\/ines.es\/es\/wp-json\/wp\/v2\/pages\/10433","targetHints":{"allow":["GET"]}}],"collection":[{"href":"https:\/\/ines.es\/es\/wp-json\/wp\/v2\/pages"}],"about":[{"href":"https:\/\/ines.es\/es\/wp-json\/wp\/v2\/types\/page"}],"author":[{"embeddable":true,"href":"https:\/\/ines.es\/es\/wp-json\/wp\/v2\/users\/1"}],"replies":[{"embeddable":true,"href":"https:\/\/ines.es\/es\/wp-json\/wp\/v2\/comments?post=10433"}],"version-history":[{"count":7,"href":"https:\/\/ines.es\/es\/wp-json\/wp\/v2\/pages\/10433\/revisions"}],"predecessor-version":[{"id":10469,"href":"https:\/\/ines.es\/es\/wp-json\/wp\/v2\/pages\/10433\/revisions\/10469"}],"up":[{"embeddable":true,"href":"https:\/\/ines.es\/es\/wp-json\/wp\/v2\/pages\/8431"}],"wp:attachment":[{"href":"https:\/\/ines.es\/es\/wp-json\/wp\/v2\/media?parent=10433"}],"curies":[{"name":"wp","href":"https:\/\/api.w.org\/{rel}","templated":true}]}}