{"id":10432,"date":"2023-12-27T11:28:57","date_gmt":"2023-12-27T11:28:57","guid":{"rendered":"https:\/\/ines.es\/services\/big-data\/"},"modified":"2024-11-07T09:25:33","modified_gmt":"2024-11-07T09:25:33","slug":"big-data","status":"publish","type":"page","link":"https:\/\/ines.es\/es\/services\/big-data\/","title":{"rendered":"ANAL\u00cdTICA AVANZADA"},"content":{"rendered":"\t\t<div data-elementor-type=\"wp-page\" data-elementor-id=\"10432\" class=\"elementor elementor-10432 elementor-7930\" data-elementor-post-type=\"page\">\n\t\t\t\t\t\t<section class=\"elementor-section elementor-top-section elementor-element elementor-element-af7e80e elementor-section-boxed elementor-section-height-default elementor-section-height-default elementor-invisible\" data-id=\"af7e80e\" data-element_type=\"section\" data-e-type=\"section\" data-settings=\"{&quot;background_background&quot;:&quot;slideshow&quot;,&quot;background_slideshow_gallery&quot;:[{&quot;id&quot;:7385,&quot;url&quot;:&quot;https:\\\/\\\/ines.es\\\/wp-content\\\/uploads\\\/2023\\\/12\\\/Pic1.jpg&quot;},{&quot;id&quot;:7935,&quot;url&quot;:&quot;https:\\\/\\\/ines.es\\\/wp-content\\\/uploads\\\/2023\\\/12\\\/IMG_5494-1-scaled.jpg&quot;},{&quot;id&quot;:7227,&quot;url&quot;:&quot;https:\\\/\\\/ines.es\\\/wp-content\\\/uploads\\\/2023\\\/12\\\/IMG_2106-scaled.jpg&quot;},{&quot;id&quot;:7237,&quot;url&quot;:&quot;https:\\\/\\\/ines.es\\\/wp-content\\\/uploads\\\/2023\\\/12\\\/IMG_2479-scaled.jpg&quot;},{&quot;id&quot;:7934,&quot;url&quot;:&quot;https:\\\/\\\/ines.es\\\/wp-content\\\/uploads\\\/2023\\\/12\\\/3D-MODELLING.png&quot;},{&quot;id&quot;:8202,&quot;url&quot;:&quot;https:\\\/\\\/ines.es\\\/wp-content\\\/uploads\\\/2024\\\/01\\\/Captura15.png&quot;}],&quot;background_slideshow_lazyload&quot;:&quot;yes&quot;,&quot;background_slideshow_ken_burns&quot;:&quot;yes&quot;,&quot;animation&quot;:&quot;fadeIn&quot;,&quot;background_slideshow_transition_duration&quot;:1000,&quot;background_slideshow_loop&quot;:&quot;yes&quot;,&quot;background_slideshow_slide_duration&quot;:5000,&quot;background_slideshow_slide_transition&quot;:&quot;fade&quot;,&quot;background_slideshow_ken_burns_zoom_direction&quot;:&quot;in&quot;}\">\n\t\t\t\t\t\t\t<div class=\"elementor-background-overlay\"><\/div>\n\t\t\t\t\t\t\t<div class=\"elementor-container elementor-column-gap-default\">\n\t\t\t\t\t<div class=\"elementor-column elementor-col-50 elementor-top-column elementor-element elementor-element-f1920a7\" data-id=\"f1920a7\" data-element_type=\"column\" data-e-type=\"column\">\n\t\t\t<div class=\"elementor-widget-wrap elementor-element-populated\">\n\t\t\t\t\t\t<div class=\"elementor-element elementor-element-0d23c84 de_scroll_animation_no elementor-invisible elementor-widget elementor-widget-heading\" data-id=\"0d23c84\" data-element_type=\"widget\" data-e-type=\"widget\" data-settings=\"{&quot;_animation&quot;:&quot;fadeIn&quot;}\" data-widget_type=\"heading.default\">\n\t\t\t\t<div class=\"elementor-widget-container\">\n\t\t\t\t\t<h1 class=\"elementor-heading-title elementor-size-default\">ANAL\u00cdTICA AVANZADA<\/h1>\t\t\t\t<\/div>\n\t\t\t\t<\/div>\n\t\t\t\t<div class=\"elementor-element elementor-element-3046bf9 de_scroll_animation_no elementor-invisible elementor-widget elementor-widget-qi_addons_for_elementor_text_marquee\" data-id=\"3046bf9\" data-element_type=\"widget\" data-e-type=\"widget\" data-settings=\"{&quot;_animation&quot;:&quot;fadeIn&quot;}\" data-widget_type=\"qi_addons_for_elementor_text_marquee.default\">\n\t\t\t\t<div class=\"elementor-widget-container\">\n\t\t\t\t\t<div class=\"qodef-shortcode qodef-m qodef-qi-text-marquee qodef-layout--default\">\n\t<div class=\"qodef-m-content\">\n\t\t<div class=\"qodef-m-text qodef-text--original\">\n\t\t\t\t\t\t\t<span class=\"qodef-m-text-item elementor-repeater-item-57bf99e\" >GEMELOS DIGITALES<\/span>\n\t\t\t\t<span class=\"qodef-e-icon-holder\">\n\t<i aria-hidden=\"true\" class=\"far fa-window-minimize\"><\/i><\/span>\n\t\t\t\t\t\t\t<span class=\"qodef-m-text-item elementor-repeater-item-5693ed3\" >SISTEMAS DE ALERTA TEMPRANA<\/span>\n\t\t\t\t<span class=\"qodef-e-icon-holder\">\n\t<i aria-hidden=\"true\" class=\"far fa-window-minimize\"><\/i><\/span>\n\t\t\t\t\t\t\t<span class=\"qodef-m-text-item elementor-repeater-item-98303ff\" >MANTENIMIENTO PREDICTIVO<\/span>\n\t\t\t\t<span class=\"qodef-e-icon-holder\">\n\t<i aria-hidden=\"true\" class=\"far fa-window-minimize\"><\/i><\/span>\n\t\t\t\t\t\t\t<span class=\"qodef-m-text-item elementor-repeater-item-9186f9e\" >MODELADO 3D<\/span>\n\t\t\t\t<span class=\"qodef-e-icon-holder\">\n\t<i aria-hidden=\"true\" class=\"far fa-window-minimize\"><\/i><\/span>\n\t\t\t\t\t\t\t<span class=\"qodef-m-text-item elementor-repeater-item-0be89d6\" >NUBES DE PUNTOS<\/span>\n\t\t\t\t<span class=\"qodef-e-icon-holder\">\n\t<i aria-hidden=\"true\" class=\"far fa-window-minimize\"><\/i><\/span>\n\t\t\t\t\t\t\t<span class=\"qodef-m-text-item elementor-repeater-item-d2f177f\" >BIM<\/span>\n\t\t\t\t<span class=\"qodef-e-icon-holder\">\n\t<i aria-hidden=\"true\" class=\"far fa-window-minimize\"><\/i><\/span>\n\t\t\t\t\t\t\t<span class=\"qodef-m-text-item elementor-repeater-item-eb3dfcd\" >MDT<\/span>\n\t\t\t\t<span class=\"qodef-e-icon-holder\">\n\t<i aria-hidden=\"true\" class=\"far fa-window-minimize\"><\/i><\/span>\n\t\t\t\t\t<\/div>\n\t\t<div class=\"qodef-m-text qodef-text--copy\">\n\t\t\t\t\t\t\t<span class=\"qodef-m-text-item elementor-repeater-item-57bf99e\" >GEMELOS DIGITALES<\/span>\n\t\t\t\t<span class=\"qodef-e-icon-holder\">\n\t<i aria-hidden=\"true\" class=\"far fa-window-minimize\"><\/i><\/span>\n\t\t\t\t\t\t\t<span class=\"qodef-m-text-item elementor-repeater-item-5693ed3\" >SISTEMAS DE ALERTA TEMPRANA<\/span>\n\t\t\t\t<span class=\"qodef-e-icon-holder\">\n\t<i aria-hidden=\"true\" class=\"far fa-window-minimize\"><\/i><\/span>\n\t\t\t\t\t\t\t<span class=\"qodef-m-text-item elementor-repeater-item-98303ff\" >MANTENIMIENTO PREDICTIVO<\/span>\n\t\t\t\t<span class=\"qodef-e-icon-holder\">\n\t<i aria-hidden=\"true\" class=\"far fa-window-minimize\"><\/i><\/span>\n\t\t\t\t\t\t\t<span class=\"qodef-m-text-item elementor-repeater-item-9186f9e\" >MODELADO 3D<\/span>\n\t\t\t\t<span class=\"qodef-e-icon-holder\">\n\t<i aria-hidden=\"true\" class=\"far fa-window-minimize\"><\/i><\/span>\n\t\t\t\t\t\t\t<span class=\"qodef-m-text-item elementor-repeater-item-0be89d6\" >NUBES DE PUNTOS<\/span>\n\t\t\t\t<span class=\"qodef-e-icon-holder\">\n\t<i aria-hidden=\"true\" class=\"far fa-window-minimize\"><\/i><\/span>\n\t\t\t\t\t\t\t<span class=\"qodef-m-text-item elementor-repeater-item-d2f177f\" >BIM<\/span>\n\t\t\t\t<span class=\"qodef-e-icon-holder\">\n\t<i aria-hidden=\"true\" class=\"far fa-window-minimize\"><\/i><\/span>\n\t\t\t\t\t\t\t<span class=\"qodef-m-text-item elementor-repeater-item-eb3dfcd\" >MDT<\/span>\n\t\t\t\t<span class=\"qodef-e-icon-holder\">\n\t<i aria-hidden=\"true\" class=\"far fa-window-minimize\"><\/i><\/span>\n\t\t\t\t\t<\/div>\n\t<\/div>\n<\/div>\n\t\t\t\t<\/div>\n\t\t\t\t<\/div>\n\t\t\t\t<div class=\"elementor-element elementor-element-c113dbf de_scroll_animation_no elementor-invisible elementor-widget elementor-widget-text-editor\" data-id=\"c113dbf\" data-element_type=\"widget\" data-e-type=\"widget\" data-settings=\"{&quot;_animation&quot;:&quot;fadeIn&quot;}\" data-widget_type=\"text-editor.default\">\n\t\t\t\t<div class=\"elementor-widget-container\">\n\t\t\t\t\t\t\t\t\t<p>Guiados por nuestro equipo de cient\u00edficos de datos, INES ayuda a sus clientes a navegar por la integraci\u00f3n de las tecnolog\u00edas emergentes en sus operaciones diarias. La aplicaci\u00f3n de inteligencia artificial, t\u00e9cnicas de aprendizaje autom\u00e1tico, lidar e im\u00e1genes por sat\u00e9lite abre un futuro de infinitas oportunidades tanto para los proyectos de infraestructuras existentes como para nuevos desarrollos.<\/p>\t\t\t\t\t\t\t\t<\/div>\n\t\t\t\t<\/div>\n\t\t\t\t<div class=\"elementor-element elementor-element-f9a7a81 elementor-tablet-align-justify elementor-mobile-align-left elementor-align-left de_scroll_animation_no elementor-invisible elementor-widget elementor-widget-button\" data-id=\"f9a7a81\" data-element_type=\"widget\" data-e-type=\"widget\" data-settings=\"{&quot;_animation&quot;:&quot;fadeIn&quot;}\" data-widget_type=\"button.default\">\n\t\t\t\t<div class=\"elementor-widget-container\">\n\t\t\t\t\t\t\t\t\t<div class=\"elementor-button-wrapper\">\n\t\t\t\t\t<a class=\"elementor-button elementor-button-link elementor-size-sm\" href=\"#services\">\n\t\t\t\t\t\t<span class=\"elementor-button-content-wrapper\">\n\t\t\t\t\t\t<span class=\"elementor-button-icon\">\n\t\t\t\t<i aria-hidden=\"true\" class=\"icon icon-right-arrow\"><\/i>\t\t\t<\/span>\n\t\t\t\t\t\t\t\t\t<span class=\"elementor-button-text\">NUESTROS PROYECTOS<\/span>\n\t\t\t\t\t<\/span>\n\t\t\t\t\t<\/a>\n\t\t\t\t<\/div>\n\t\t\t\t\t\t\t\t<\/div>\n\t\t\t\t<\/div>\n\t\t\t\t\t<\/div>\n\t\t<\/div>\n\t\t\t\t<div class=\"elementor-column elementor-col-50 elementor-top-column elementor-element elementor-element-a5930ad\" data-id=\"a5930ad\" data-element_type=\"column\" data-e-type=\"column\">\n\t\t\t<div class=\"elementor-widget-wrap\">\n\t\t\t\t\t\t\t<\/div>\n\t\t<\/div>\n\t\t\t\t\t<\/div>\n\t\t<\/section>\n\t\t\t\t<section class=\"elementor-section elementor-top-section elementor-element elementor-element-21bbeb0 elementor-section-full_width elementor-section-height-default elementor-section-height-default\" data-id=\"21bbeb0\" data-element_type=\"section\" data-e-type=\"section\" id=\"services\">\n\t\t\t\t\t\t<div class=\"elementor-container elementor-column-gap-default\">\n\t\t\t\t\t<div class=\"elementor-column elementor-col-100 elementor-top-column elementor-element elementor-element-55aaef6\" data-id=\"55aaef6\" data-element_type=\"column\" data-e-type=\"column\">\n\t\t\t<div class=\"elementor-widget-wrap elementor-element-populated\">\n\t\t\t\t\t\t<div class=\"elementor-element elementor-element-a755afa de_scroll_animation_no elementor-invisible elementor-widget elementor-widget-qi_addons_for_elementor_animated_text\" data-id=\"a755afa\" data-element_type=\"widget\" data-e-type=\"widget\" data-settings=\"{&quot;_animation&quot;:&quot;fadeIn&quot;}\" data-widget_type=\"qi_addons_for_elementor_animated_text.default\">\n\t\t\t\t<div class=\"elementor-widget-container\">\n\t\t\t\t\t<div class=\"qodef-shortcode qodef-m qodef-qi-animated-text qodef--animated-by-word qodef--alignment-center qodef-qi--has-appear qodef--appear-from-right\" >\n\t\t<h2 class=\"qodef-m-title\">\n\t\t<span class=\"qodef-e-word\">PROYECTOS<\/span>\t<\/h2>\n<\/div>\n\t\t\t\t<\/div>\n\t\t\t\t<\/div>\n\t\t\t\t<div class=\"elementor-element elementor-element-6f3cbce elementor-grid-4 elementor-grid-tablet-2 elementor-grid-mobile-1 de_scroll_animation_no elementor-widget elementor-widget-loop-grid\" data-id=\"6f3cbce\" data-element_type=\"widget\" data-e-type=\"widget\" data-settings=\"{&quot;template_id&quot;:6660,&quot;columns&quot;:4,&quot;pagination_type&quot;:&quot;load_more_infinite_scroll&quot;,&quot;masonry&quot;:&quot;yes&quot;,&quot;_skin&quot;:&quot;post&quot;,&quot;columns_tablet&quot;:&quot;2&quot;,&quot;columns_mobile&quot;:&quot;1&quot;,&quot;edit_handle_selector&quot;:&quot;[data-elementor-type=\\&quot;loop-item\\&quot;]&quot;,&quot;load_more_spinner&quot;:{&quot;value&quot;:&quot;fas fa-spinner&quot;,&quot;library&quot;:&quot;fa-solid&quot;},&quot;row_gap&quot;:{&quot;unit&quot;:&quot;px&quot;,&quot;size&quot;:&quot;&quot;,&quot;sizes&quot;:[]},&quot;row_gap_tablet&quot;:{&quot;unit&quot;:&quot;px&quot;,&quot;size&quot;:&quot;&quot;,&quot;sizes&quot;:[]},&quot;row_gap_mobile&quot;:{&quot;unit&quot;:&quot;px&quot;,&quot;size&quot;:&quot;&quot;,&quot;sizes&quot;:[]}}\" data-widget_type=\"loop-grid.post\">\n\t\t\t\t<div class=\"elementor-widget-container\">\n\t\t\t\t\t\t\t<div class=\"elementor-loop-container elementor-grid\" role=\"list\">\n\t\t<style id=\"loop-6660\">.elementor-6660 .elementor-element.elementor-element-3dc15c6{transition:all 400ms;}.elementor-6660 .elementor-element.elementor-element-7936918{transition:all 400ms;}.elementor-6660 .elementor-element.elementor-element-38f8389 .elementor-cta__content{text-align:center;}.elementor-6660 .elementor-element.elementor-element-38f8389 .elementor-cta__title{font-size:22px;line-height:23px;color:#02010100;}.elementor-6660 .elementor-element.elementor-element-38f8389 .elementor-cta:hover .elementor-cta__title{color:#FFFFFF;}.elementor-6660 .elementor-element.elementor-element-38f8389 .elementor-cta__content-item{transition-duration:1000ms;}.elementor-6660 .elementor-element.elementor-element-38f8389.elementor-cta--sequenced-animation .elementor-cta__content-item:nth-child(2){transition-delay:calc( 1000ms \/ 3 );}.elementor-6660 .elementor-element.elementor-element-38f8389.elementor-cta--sequenced-animation .elementor-cta__content-item:nth-child(3){transition-delay:calc( ( 1000ms \/ 3 ) * 2 );}.elementor-6660 .elementor-element.elementor-element-38f8389.elementor-cta--sequenced-animation .elementor-cta__content-item:nth-child(4){transition-delay:calc( ( 1000ms \/ 3 ) * 3 );}.elementor-6660 .elementor-element.elementor-element-38f8389 .elementor-cta__bg-overlay{mix-blend-mode:multiply;}.elementor-6660 .elementor-element.elementor-element-38f8389 .elementor-cta .elementor-cta__bg, .elementor-6660 .elementor-element.elementor-element-38f8389 .elementor-cta .elementor-cta__bg-overlay{transition-duration:1500ms;}.elementor-6660 .elementor-element.elementor-element-38f8389{transition:all 400ms;}<\/style>\t\t<div data-elementor-type=\"loop-item\" data-elementor-id=\"6660\" class=\"elementor elementor-6660 e-loop-item e-loop-item-9754 post-9754 works type-works status-publish hentry capacity_buildings-maintenance-operation-es capacity_buildings-analitica_avanzada-es\" data-elementor-post-type=\"elementor_library\" data-custom-edit-handle=\"1\">\n\t\t\t\t\t<section class=\"elementor-section elementor-top-section elementor-element elementor-element-3dc15c6 elementor-section-boxed elementor-section-height-default elementor-section-height-default\" data-id=\"3dc15c6\" data-element_type=\"section\" data-e-type=\"section\">\n\t\t\t\t\t\t<div class=\"elementor-container elementor-column-gap-default\">\n\t\t\t\t\t<div class=\"elementor-column elementor-col-100 elementor-top-column elementor-element elementor-element-7936918\" data-id=\"7936918\" data-element_type=\"column\" data-e-type=\"column\">\n\t\t\t<div class=\"elementor-widget-wrap elementor-element-populated\">\n\t\t\t\t\t\t<div class=\"elementor-element elementor-element-38f8389 elementor-cta--skin-cover elementor-cta--valign-middle elementor-animated-content elementor-bg-transform elementor-bg-transform-zoom-in de_scroll_animation_no elementor-widget elementor-widget-call-to-action\" data-id=\"38f8389\" data-element_type=\"widget\" data-e-type=\"widget\" data-widget_type=\"call-to-action.default\">\n\t\t\t\t<div class=\"elementor-widget-container\">\n\t\t\t\t\t\t\t<a class=\"elementor-cta\" href=\"https:\/\/ines.es\/es\/works\/development-of-innovative-solutions-in-the-field-of-bridge-inspection\/\">\n\t\t\t\t\t<div class=\"elementor-cta__bg-wrapper\">\n\t\t\t\t<div class=\"elementor-cta__bg elementor-bg\" style=\"background-image: url(https:\/\/ines.es\/wp-content\/uploads\/2023\/12\/20211021_121843-650x650.jpg);\" role=\"img\" aria-label=\"20211021_121843\"><\/div>\n\t\t\t\t<div class=\"elementor-cta__bg-overlay\"><\/div>\n\t\t\t<\/div>\n\t\t\t\t\t\t\t<div class=\"elementor-cta__content\">\n\t\t\t\t\n\t\t\t\t\t\t\t\t\t<h4 class=\"elementor-cta__title elementor-cta__content-item elementor-content-item elementor-animated-item--grow\">\n\t\t\t\t\t\tDESARROLLO DE SOLUCIONES INNOVADORAS EN EL \u00c1MBITO DE LA INSPECCI\u00d3N DE PUENTES FERROVIARIOS. ESPA\u00d1A\t\t\t\t\t<\/h4>\n\t\t\t\t\n\t\t\t\t\n\t\t\t\t\t\t\t<\/div>\n\t\t\t\t\t\t<\/a>\n\t\t\t\t\t\t<\/div>\n\t\t\t\t<\/div>\n\t\t\t\t\t<\/div>\n\t\t<\/div>\n\t\t\t\t\t<\/div>\n\t\t<\/section>\n\t\t\t\t<\/div>\n\t\t\t\t<div data-elementor-type=\"loop-item\" data-elementor-id=\"6660\" class=\"elementor elementor-6660 e-loop-item e-loop-item-9756 post-9756 works type-works status-publish hentry capacity_buildings-maintenance-operation-es capacity_buildings-analitica_avanzada-es\" data-elementor-post-type=\"elementor_library\" data-custom-edit-handle=\"1\">\n\t\t\t\t\t<section class=\"elementor-section elementor-top-section elementor-element elementor-element-3dc15c6 elementor-section-boxed elementor-section-height-default elementor-section-height-default\" data-id=\"3dc15c6\" data-element_type=\"section\" data-e-type=\"section\">\n\t\t\t\t\t\t<div class=\"elementor-container elementor-column-gap-default\">\n\t\t\t\t\t<div class=\"elementor-column elementor-col-100 elementor-top-column elementor-element elementor-element-7936918\" data-id=\"7936918\" data-element_type=\"column\" data-e-type=\"column\">\n\t\t\t<div class=\"elementor-widget-wrap elementor-element-populated\">\n\t\t\t\t\t\t<div class=\"elementor-element elementor-element-38f8389 elementor-cta--skin-cover elementor-cta--valign-middle elementor-animated-content elementor-bg-transform elementor-bg-transform-zoom-in de_scroll_animation_no elementor-widget elementor-widget-call-to-action\" data-id=\"38f8389\" data-element_type=\"widget\" data-e-type=\"widget\" data-widget_type=\"call-to-action.default\">\n\t\t\t\t<div class=\"elementor-widget-container\">\n\t\t\t\t\t\t\t<a class=\"elementor-cta\" href=\"https:\/\/ines.es\/es\/works\/advanced-analytics-for-predictive-maintenance\/\">\n\t\t\t\t\t<div class=\"elementor-cta__bg-wrapper\">\n\t\t\t\t<div class=\"elementor-cta__bg elementor-bg\" style=\"background-image: url(https:\/\/ines.es\/wp-content\/uploads\/2023\/12\/Pic1-650x650.jpg);\" role=\"img\" aria-label=\"Pic1\"><\/div>\n\t\t\t\t<div class=\"elementor-cta__bg-overlay\"><\/div>\n\t\t\t<\/div>\n\t\t\t\t\t\t\t<div class=\"elementor-cta__content\">\n\t\t\t\t\n\t\t\t\t\t\t\t\t\t<h4 class=\"elementor-cta__title elementor-cta__content-item elementor-content-item elementor-animated-item--grow\">\n\t\t\t\t\t\tANAL\u00cdTICA AVANZADA PARA EL MANTENIMIENTO PREDICTIVO DE ACTIVOS FERROVIARIOS. ESPA\u00d1A\t\t\t\t\t<\/h4>\n\t\t\t\t\n\t\t\t\t\n\t\t\t\t\t\t\t<\/div>\n\t\t\t\t\t\t<\/a>\n\t\t\t\t\t\t<\/div>\n\t\t\t\t<\/div>\n\t\t\t\t\t<\/div>\n\t\t<\/div>\n\t\t\t\t\t<\/div>\n\t\t<\/section>\n\t\t\t\t<\/div>\n\t\t\t\t<div data-elementor-type=\"loop-item\" data-elementor-id=\"6660\" class=\"elementor elementor-6660 e-loop-item e-loop-item-11661 post-11661 works type-works status-publish hentry capacity_buildings-analitica_avanzada-es\" data-elementor-post-type=\"elementor_library\" data-custom-edit-handle=\"1\">\n\t\t\t\t\t<section class=\"elementor-section elementor-top-section elementor-element elementor-element-3dc15c6 elementor-section-boxed elementor-section-height-default elementor-section-height-default\" data-id=\"3dc15c6\" data-element_type=\"section\" data-e-type=\"section\">\n\t\t\t\t\t\t<div class=\"elementor-container elementor-column-gap-default\">\n\t\t\t\t\t<div class=\"elementor-column elementor-col-100 elementor-top-column elementor-element elementor-element-7936918\" data-id=\"7936918\" data-element_type=\"column\" data-e-type=\"column\">\n\t\t\t<div class=\"elementor-widget-wrap elementor-element-populated\">\n\t\t\t\t\t\t<div class=\"elementor-element elementor-element-38f8389 elementor-cta--skin-cover elementor-cta--valign-middle elementor-animated-content elementor-bg-transform elementor-bg-transform-zoom-in de_scroll_animation_no elementor-widget elementor-widget-call-to-action\" data-id=\"38f8389\" data-element_type=\"widget\" data-e-type=\"widget\" data-widget_type=\"call-to-action.default\">\n\t\t\t\t<div class=\"elementor-widget-container\">\n\t\t\t\t\t\t\t<a class=\"elementor-cta\" href=\"https:\/\/ines.es\/es\/works\/future-condition-prediction-of-structures-for-predictive-maintenance\/\">\n\t\t\t\t\t<div class=\"elementor-cta__bg-wrapper\">\n\t\t\t\t<div class=\"elementor-cta__bg elementor-bg\" style=\"background-image: url(https:\/\/ines.es\/wp-content\/uploads\/2024\/10\/cover-650x650.jpg);\" role=\"img\" aria-label=\"cover\"><\/div>\n\t\t\t\t<div class=\"elementor-cta__bg-overlay\"><\/div>\n\t\t\t<\/div>\n\t\t\t\t\t\t\t<div class=\"elementor-cta__content\">\n\t\t\t\t\n\t\t\t\t\t\t\t\t\t<h4 class=\"elementor-cta__title elementor-cta__content-item elementor-content-item elementor-animated-item--grow\">\n\t\t\t\t\t\tMACHINE LEARNING PARA PREDECIR EL ESTADO DE LOS PUENTES EN LAS CARRETERAS NACIONALES. ESPA\u00d1A\t\t\t\t\t<\/h4>\n\t\t\t\t\n\t\t\t\t\n\t\t\t\t\t\t\t<\/div>\n\t\t\t\t\t\t<\/a>\n\t\t\t\t\t\t<\/div>\n\t\t\t\t<\/div>\n\t\t\t\t\t<\/div>\n\t\t<\/div>\n\t\t\t\t\t<\/div>\n\t\t<\/section>\n\t\t\t\t<\/div>\n\t\t\t\t<\/div>\n\t\t\t\t\t<span class=\"e-load-more-spinner\">\n\t\t\t\t<i aria-hidden=\"true\" class=\"fas fa-spinner\"><\/i>\t\t\t<\/span>\n\t\t\n\t\t\t\t\t\t<\/div>\n\t\t\t\t<\/div>\n\t\t\t\t\t<\/div>\n\t\t<\/div>\n\t\t\t\t\t<\/div>\n\t\t<\/section>\n\t\t\t\t<\/div>\n\t\t","protected":false},"excerpt":{"rendered":"<p>ANAL\u00cdTICA AVANZADA GEMELOS DIGITALES SISTEMAS DE ALERTA TEMPRANA MANTENIMIENTO PREDICTIVO MODELADO 3D NUBES DE PUNTOS BIM MDT GEMELOS DIGITALES SISTEMAS DE ALERTA TEMPRANA MANTENIMIENTO PREDICTIVO MODELADO 3D NUBES DE PUNTOS BIM MDT Guiados por nuestro equipo de cient\u00edficos de datos, INES ayuda a sus clientes a navegar por la integraci\u00f3n de las tecnolog\u00edas emergentes en [&hellip;]<\/p>\n","protected":false},"author":1,"featured_media":0,"parent":8431,"menu_order":0,"comment_status":"closed","ping_status":"closed","template":"elementor_header_footer","meta":{"_acf_changed":false,"inline_featured_image":false,"footnotes":""},"class_list":["post-10432","page","type-page","status-publish","hentry"],"acf":[],"_links":{"self":[{"href":"https:\/\/ines.es\/es\/wp-json\/wp\/v2\/pages\/10432","targetHints":{"allow":["GET"]}}],"collection":[{"href":"https:\/\/ines.es\/es\/wp-json\/wp\/v2\/pages"}],"about":[{"href":"https:\/\/ines.es\/es\/wp-json\/wp\/v2\/types\/page"}],"author":[{"embeddable":true,"href":"https:\/\/ines.es\/es\/wp-json\/wp\/v2\/users\/1"}],"replies":[{"embeddable":true,"href":"https:\/\/ines.es\/es\/wp-json\/wp\/v2\/comments?post=10432"}],"version-history":[{"count":23,"href":"https:\/\/ines.es\/es\/wp-json\/wp\/v2\/pages\/10432\/revisions"}],"predecessor-version":[{"id":11703,"href":"https:\/\/ines.es\/es\/wp-json\/wp\/v2\/pages\/10432\/revisions\/11703"}],"up":[{"embeddable":true,"href":"https:\/\/ines.es\/es\/wp-json\/wp\/v2\/pages\/8431"}],"wp:attachment":[{"href":"https:\/\/ines.es\/es\/wp-json\/wp\/v2\/media?parent=10432"}],"curies":[{"name":"wp","href":"https:\/\/api.w.org\/{rel}","templated":true}]}}